{"id":19899,"date":"2026-02-08T08:29:38","date_gmt":"2026-02-08T11:29:38","guid":{"rendered":"https:\/\/terracoadega.com.br\/?post_type=product&#038;p=19899"},"modified":"2026-02-08T16:56:20","modified_gmt":"2026-02-08T19:56:20","slug":"espumante-moscato-zero-alcool-santa-colina","status":"publish","type":"product","link":"https:\/\/terracoadega.com.br\/en\/product\/espumante-moscato-zero-alcool-santa-colina\/","title":{"rendered":"ESPUMANTE PROSECCO SANTA COLINA"},"content":{"rendered":"","protected":false},"excerpt":{"rendered":"<p>Variedade: Prosecco<\/p>\n<p>Diferenciais: M\u00e9todo Charmat. Premiado na Fran\u00e7a e Argentina.<\/p>\n<p>Degusta\u00e7\u00e3o: Colora\u00e7\u00e3o amarelo p\u00e1lido com borbulhas finas e persistentes. No nariz, traz aromas de p\u00eassego, p\u00eara, ma\u00e7a, mel\u00e3o e banana. Em boca apresenta corpo leve com acidez refrescante e final de boca delicado.<\/p>\n<p>Harmoniza\u00e7\u00e3o: Saladas leves.<\/p>\n<p>Regi\u00e3o: Serra Ga\u00facha<\/p>\n<p>Temp. para consumo: 4\u00b0C e 6\u00b0C<\/p>\n<p>&nbsp;<\/p>","protected":false},"featured_media":19902,"comment_status":"open","ping_status":"closed","template":"","meta":[],"product_brand":[223],"product_cat":[182,229],"product_tag":[227,230],"class_list":{"0":"post-19899","1":"product","2":"type-product","3":"status-publish","4":"has-post-thumbnail","6":"product_brand-santa-colina","7":"product_cat-espumantes","8":"product_cat-prosecco","9":"product_tag-espumante","10":"product_tag-prosecco","11":"product_shipping_class-nacional","13":"first","14":"instock","15":"shipping-taxable","16":"purchasable","17":"product-type-simple"},"yoast_head":"<!-- This site is optimized with the Yoast SEO plugin v27.4 - https:\/\/yoast.com\/product\/yoast-seo-wordpress\/ -->\n<title>ESPUMANTE PROSECCO SANTA COLINA - Terra\u00e7o Adega<\/title>\n<meta name=\"robots\" content=\"index, follow, max-snippet:-1, max-image-preview:large, max-video-preview:-1\" \/>\n<link rel=\"canonical\" href=\"https:\/\/terracoadega.com.br\/en\/product\/espumante-moscato-zero-alcool-santa-colina\/\" \/>\n<meta property=\"og:locale\" content=\"en_US\" \/>\n<meta property=\"og:type\" content=\"article\" \/>\n<meta property=\"og:title\" content=\"ESPUMANTE PROSECCO SANTA COLINA - Terra\u00e7o Adega\" \/>\n<meta property=\"og:description\" content=\"Variedade: Prosecco  Diferenciais: M\u00e9todo Charmat. Premiado na Fran\u00e7a e Argentina.  Degusta\u00e7\u00e3o: Colora\u00e7\u00e3o amarelo p\u00e1lido com borbulhas finas e persistentes. No nariz, traz aromas de p\u00eassego, p\u00eara, ma\u00e7a, mel\u00e3o e banana. Em boca apresenta corpo leve com acidez refrescante e final de boca delicado.  Harmoniza\u00e7\u00e3o: Saladas leves.  Regi\u00e3o: Serra Ga\u00facha  Temp. para consumo: 4\u00b0C e 6\u00b0C  &nbsp;\" \/>\n<meta property=\"og:url\" content=\"https:\/\/terracoadega.com.br\/en\/product\/espumante-moscato-zero-alcool-santa-colina\/\" \/>\n<meta property=\"og:site_name\" content=\"Terra\u00e7o Adega\" \/>\n<meta property=\"article:modified_time\" content=\"2026-02-08T19:56:20+00:00\" \/>\n<meta property=\"og:image\" content=\"https:\/\/terracoadega.com.br\/wp-content\/uploads\/2026\/02\/Santa-Colina-Espumante-Prosecco.png\" \/>\n\t<meta property=\"og:image:width\" content=\"249\" \/>\n\t<meta property=\"og:image:height\" content=\"938\" \/>\n\t<meta property=\"og:image:type\" content=\"image\/png\" \/>\n<meta name=\"twitter:card\" content=\"summary_large_image\" \/>\n<meta name=\"twitter:label1\" content=\"Est. reading time\" \/>\n\t<meta name=\"twitter:data1\" content=\"1 minute\" \/>\n<script type=\"application\/ld+json\" class=\"yoast-schema-graph\">{\"@context\":\"https:\\\/\\\/schema.org\",\"@graph\":[{\"@type\":\"WebPage\",\"@id\":\"https:\\\/\\\/terracoadega.com.br\\\/produto\\\/espumante-moscato-zero-alcool-santa-colina\\\/\",\"url\":\"https:\\\/\\\/terracoadega.com.br\\\/produto\\\/espumante-moscato-zero-alcool-santa-colina\\\/\",\"name\":\"ESPUMANTE PROSECCO SANTA COLINA - Terra\u00e7o Adega\",\"isPartOf\":{\"@id\":\"https:\\\/\\\/terracoadega.com.br\\\/#website\"},\"primaryImageOfPage\":{\"@id\":\"https:\\\/\\\/terracoadega.com.br\\\/produto\\\/espumante-moscato-zero-alcool-santa-colina\\\/#primaryimage\"},\"image\":{\"@id\":\"https:\\\/\\\/terracoadega.com.br\\\/produto\\\/espumante-moscato-zero-alcool-santa-colina\\\/#primaryimage\"},\"thumbnailUrl\":\"https:\\\/\\\/terracoadega.com.br\\\/wp-content\\\/uploads\\\/2026\\\/02\\\/Santa-Colina-Espumante-Prosecco.png\",\"datePublished\":\"2026-02-08T11:29:38+00:00\",\"dateModified\":\"2026-02-08T19:56:20+00:00\",\"breadcrumb\":{\"@id\":\"https:\\\/\\\/terracoadega.com.br\\\/produto\\\/espumante-moscato-zero-alcool-santa-colina\\\/#breadcrumb\"},\"inLanguage\":\"en-US\",\"potentialAction\":[{\"@type\":\"ReadAction\",\"target\":[\"https:\\\/\\\/terracoadega.com.br\\\/produto\\\/espumante-moscato-zero-alcool-santa-colina\\\/\"]}]},{\"@type\":\"ImageObject\",\"inLanguage\":\"en-US\",\"@id\":\"https:\\\/\\\/terracoadega.com.br\\\/produto\\\/espumante-moscato-zero-alcool-santa-colina\\\/#primaryimage\",\"url\":\"https:\\\/\\\/terracoadega.com.br\\\/wp-content\\\/uploads\\\/2026\\\/02\\\/Santa-Colina-Espumante-Prosecco.png\",\"contentUrl\":\"https:\\\/\\\/terracoadega.com.br\\\/wp-content\\\/uploads\\\/2026\\\/02\\\/Santa-Colina-Espumante-Prosecco.png\",\"width\":249,\"height\":938},{\"@type\":\"BreadcrumbList\",\"@id\":\"https:\\\/\\\/terracoadega.com.br\\\/produto\\\/espumante-moscato-zero-alcool-santa-colina\\\/#breadcrumb\",\"itemListElement\":[{\"@type\":\"ListItem\",\"position\":1,\"name\":\"In\u00edcio\",\"item\":\"https:\\\/\\\/terracoadega.com.br\\\/\"},{\"@type\":\"ListItem\",\"position\":2,\"name\":\"Nossos Produtos\",\"item\":\"https:\\\/\\\/terracoadega.com.br\\\/loja\\\/\"},{\"@type\":\"ListItem\",\"position\":3,\"name\":\"ESPUMANTE PROSECCO SANTA COLINA\"}]},{\"@type\":\"WebSite\",\"@id\":\"https:\\\/\\\/terracoadega.com.br\\\/#website\",\"url\":\"https:\\\/\\\/terracoadega.com.br\\\/\",\"name\":\"Terra\u00e7o Adega\",\"description\":\"Vinhos em geral\",\"publisher\":{\"@id\":\"https:\\\/\\\/terracoadega.com.br\\\/#organization\"},\"potentialAction\":[{\"@type\":\"SearchAction\",\"target\":{\"@type\":\"EntryPoint\",\"urlTemplate\":\"https:\\\/\\\/terracoadega.com.br\\\/?s={search_term_string}\"},\"query-input\":{\"@type\":\"PropertyValueSpecification\",\"valueRequired\":true,\"valueName\":\"search_term_string\"}}],\"inLanguage\":\"en-US\"},{\"@type\":\"Organization\",\"@id\":\"https:\\\/\\\/terracoadega.com.br\\\/#organization\",\"name\":\"Terra\u00e7o Adega\",\"url\":\"https:\\\/\\\/terracoadega.com.br\\\/\",\"logo\":{\"@type\":\"ImageObject\",\"inLanguage\":\"en-US\",\"@id\":\"https:\\\/\\\/terracoadega.com.br\\\/#\\\/schema\\\/logo\\\/image\\\/\",\"url\":\"https:\\\/\\\/terracoadega.com.br\\\/wp-content\\\/uploads\\\/2025\\\/11\\\/logo-4-scaled.png\",\"contentUrl\":\"https:\\\/\\\/terracoadega.com.br\\\/wp-content\\\/uploads\\\/2025\\\/11\\\/logo-4-scaled.png\",\"width\":2560,\"height\":1575,\"caption\":\"Terra\u00e7o Adega\"},\"image\":{\"@id\":\"https:\\\/\\\/terracoadega.com.br\\\/#\\\/schema\\\/logo\\\/image\\\/\"}}]}<\/script>\n<!-- \/ Yoast SEO plugin. -->","yoast_head_json":{"title":"ESPUMANTE PROSECCO SANTA COLINA - Terra\u00e7o Adega","robots":{"index":"index","follow":"follow","max-snippet":"max-snippet:-1","max-image-preview":"max-image-preview:large","max-video-preview":"max-video-preview:-1"},"canonical":"https:\/\/terracoadega.com.br\/en\/product\/espumante-moscato-zero-alcool-santa-colina\/","og_locale":"en_US","og_type":"article","og_title":"ESPUMANTE PROSECCO SANTA COLINA - Terra\u00e7o Adega","og_description":"Variedade: Prosecco  Diferenciais: M\u00e9todo Charmat. Premiado na Fran\u00e7a e Argentina.  Degusta\u00e7\u00e3o: Colora\u00e7\u00e3o amarelo p\u00e1lido com borbulhas finas e persistentes. No nariz, traz aromas de p\u00eassego, p\u00eara, ma\u00e7a, mel\u00e3o e banana. Em boca apresenta corpo leve com acidez refrescante e final de boca delicado.  Harmoniza\u00e7\u00e3o: Saladas leves.  Regi\u00e3o: Serra Ga\u00facha  Temp. para consumo: 4\u00b0C e 6\u00b0C  &nbsp;","og_url":"https:\/\/terracoadega.com.br\/en\/product\/espumante-moscato-zero-alcool-santa-colina\/","og_site_name":"Terra\u00e7o Adega","article_modified_time":"2026-02-08T19:56:20+00:00","og_image":[{"width":249,"height":938,"url":"https:\/\/terracoadega.com.br\/wp-content\/uploads\/2026\/02\/Santa-Colina-Espumante-Prosecco.png","type":"image\/png"}],"twitter_card":"summary_large_image","twitter_misc":{"Est. reading time":"1 minute"},"schema":{"@context":"https:\/\/schema.org","@graph":[{"@type":"WebPage","@id":"https:\/\/terracoadega.com.br\/produto\/espumante-moscato-zero-alcool-santa-colina\/","url":"https:\/\/terracoadega.com.br\/produto\/espumante-moscato-zero-alcool-santa-colina\/","name":"ESPUMANTE PROSECCO SANTA COLINA - Terra\u00e7o Adega","isPartOf":{"@id":"https:\/\/terracoadega.com.br\/#website"},"primaryImageOfPage":{"@id":"https:\/\/terracoadega.com.br\/produto\/espumante-moscato-zero-alcool-santa-colina\/#primaryimage"},"image":{"@id":"https:\/\/terracoadega.com.br\/produto\/espumante-moscato-zero-alcool-santa-colina\/#primaryimage"},"thumbnailUrl":"https:\/\/terracoadega.com.br\/wp-content\/uploads\/2026\/02\/Santa-Colina-Espumante-Prosecco.png","datePublished":"2026-02-08T11:29:38+00:00","dateModified":"2026-02-08T19:56:20+00:00","breadcrumb":{"@id":"https:\/\/terracoadega.com.br\/produto\/espumante-moscato-zero-alcool-santa-colina\/#breadcrumb"},"inLanguage":"en-US","potentialAction":[{"@type":"ReadAction","target":["https:\/\/terracoadega.com.br\/produto\/espumante-moscato-zero-alcool-santa-colina\/"]}]},{"@type":"ImageObject","inLanguage":"en-US","@id":"https:\/\/terracoadega.com.br\/produto\/espumante-moscato-zero-alcool-santa-colina\/#primaryimage","url":"https:\/\/terracoadega.com.br\/wp-content\/uploads\/2026\/02\/Santa-Colina-Espumante-Prosecco.png","contentUrl":"https:\/\/terracoadega.com.br\/wp-content\/uploads\/2026\/02\/Santa-Colina-Espumante-Prosecco.png","width":249,"height":938},{"@type":"BreadcrumbList","@id":"https:\/\/terracoadega.com.br\/produto\/espumante-moscato-zero-alcool-santa-colina\/#breadcrumb","itemListElement":[{"@type":"ListItem","position":1,"name":"In\u00edcio","item":"https:\/\/terracoadega.com.br\/"},{"@type":"ListItem","position":2,"name":"Nossos Produtos","item":"https:\/\/terracoadega.com.br\/loja\/"},{"@type":"ListItem","position":3,"name":"ESPUMANTE PROSECCO SANTA COLINA"}]},{"@type":"WebSite","@id":"https:\/\/terracoadega.com.br\/#website","url":"https:\/\/terracoadega.com.br\/","name":"Terra\u00e7o Adega","description":"Vinhos em geral","publisher":{"@id":"https:\/\/terracoadega.com.br\/#organization"},"potentialAction":[{"@type":"SearchAction","target":{"@type":"EntryPoint","urlTemplate":"https:\/\/terracoadega.com.br\/?s={search_term_string}"},"query-input":{"@type":"PropertyValueSpecification","valueRequired":true,"valueName":"search_term_string"}}],"inLanguage":"en-US"},{"@type":"Organization","@id":"https:\/\/terracoadega.com.br\/#organization","name":"Terra\u00e7o Adega","url":"https:\/\/terracoadega.com.br\/","logo":{"@type":"ImageObject","inLanguage":"en-US","@id":"https:\/\/terracoadega.com.br\/#\/schema\/logo\/image\/","url":"https:\/\/terracoadega.com.br\/wp-content\/uploads\/2025\/11\/logo-4-scaled.png","contentUrl":"https:\/\/terracoadega.com.br\/wp-content\/uploads\/2025\/11\/logo-4-scaled.png","width":2560,"height":1575,"caption":"Terra\u00e7o Adega"},"image":{"@id":"https:\/\/terracoadega.com.br\/#\/schema\/logo\/image\/"}}]}},"_links":{"self":[{"href":"https:\/\/terracoadega.com.br\/en\/wp-json\/wp\/v2\/product\/19899","targetHints":{"allow":["GET"]}}],"collection":[{"href":"https:\/\/terracoadega.com.br\/en\/wp-json\/wp\/v2\/product"}],"about":[{"href":"https:\/\/terracoadega.com.br\/en\/wp-json\/wp\/v2\/types\/product"}],"replies":[{"embeddable":true,"href":"https:\/\/terracoadega.com.br\/en\/wp-json\/wp\/v2\/comments?post=19899"}],"wp:featuredmedia":[{"embeddable":true,"href":"https:\/\/terracoadega.com.br\/en\/wp-json\/wp\/v2\/media\/19902"}],"wp:attachment":[{"href":"https:\/\/terracoadega.com.br\/en\/wp-json\/wp\/v2\/media?parent=19899"}],"wp:term":[{"taxonomy":"product_brand","embeddable":true,"href":"https:\/\/terracoadega.com.br\/en\/wp-json\/wp\/v2\/product_brand?post=19899"},{"taxonomy":"product_cat","embeddable":true,"href":"https:\/\/terracoadega.com.br\/en\/wp-json\/wp\/v2\/product_cat?post=19899"},{"taxonomy":"product_tag","embeddable":true,"href":"https:\/\/terracoadega.com.br\/en\/wp-json\/wp\/v2\/product_tag?post=19899"}],"curies":[{"name":"wp","href":"https:\/\/api.w.org\/{rel}","templated":true}]}}