{"id":19894,"date":"2026-02-07T22:48:07","date_gmt":"2026-02-08T01:48:07","guid":{"rendered":"https:\/\/terracoadega.com.br\/?post_type=product&#038;p=19894"},"modified":"2026-02-07T23:27:30","modified_gmt":"2026-02-08T02:27:30","slug":"vinho-tinto-seco-merlot-santa-colina","status":"publish","type":"product","link":"https:\/\/terracoadega.com.br\/en\/product\/vinho-tinto-seco-merlot-santa-colina\/","title":{"rendered":"VINHO TINTO SECO MERLOT SANTA COLINA"},"content":{"rendered":"","protected":false},"excerpt":{"rendered":"<p>Variedade: Merlot<\/p>\n<p>Diferenciais: Jovem, leve e agrad\u00e1vel<\/p>\n<p>Degusta\u00e7\u00e3o: Colora\u00e7\u00e3o rubi de leve intensidade. No nariz, traz aromas n\u00edtidos de morango e framboesa, com toque de especiaria. Em boca apresenta taninos macios, acidez correta e final de boca levemente frutado.<\/p>\n<p>Harmoniza\u00e7\u00e3o: Carnes vermelhas grelhadas, file mignon ao molho madeira, queijo de m\u00e9dia matura\u00e7\u00e3o e massa \u00e0 bolonhesa.<\/p>\n<p>Regi\u00e3o: Serra Ga\u00facha<\/p>\n<p>&nbsp;<\/p>","protected":false},"featured_media":19895,"comment_status":"open","ping_status":"closed","template":"","meta":[],"product_brand":[223],"product_cat":[180,179],"product_tag":[224,212,213,208,193],"class_list":{"0":"post-19894","1":"product","2":"type-product","3":"status-publish","4":"has-post-thumbnail","6":"product_brand-santa-colina","7":"product_cat-vinhos-secos","8":"product_cat-vinhos-tintos","9":"product_tag-uva-merlot","10":"product_tag-vinho-brasileiro","11":"product_tag-vinho-da-serra-gaucha","12":"product_tag-vinho-seco","13":"product_tag-vinho-tinto","14":"product_shipping_class-nacional","16":"first","17":"instock","18":"shipping-taxable","19":"purchasable","20":"product-type-simple"},"yoast_head":"<!-- This site is optimized with the Yoast SEO plugin v27.4 - https:\/\/yoast.com\/product\/yoast-seo-wordpress\/ -->\n<title>VINHO TINTO SECO MERLOT SANTA COLINA - Terra\u00e7o Adega<\/title>\n<meta name=\"robots\" content=\"index, follow, max-snippet:-1, max-image-preview:large, max-video-preview:-1\" \/>\n<link rel=\"canonical\" href=\"https:\/\/terracoadega.com.br\/en\/product\/vinho-tinto-seco-merlot-santa-colina\/\" \/>\n<meta property=\"og:locale\" content=\"en_US\" \/>\n<meta property=\"og:type\" content=\"article\" \/>\n<meta property=\"og:title\" content=\"VINHO TINTO SECO MERLOT SANTA COLINA - Terra\u00e7o Adega\" \/>\n<meta property=\"og:description\" content=\"Variedade: Merlot  Diferenciais: Jovem, leve e agrad\u00e1vel  Degusta\u00e7\u00e3o: Colora\u00e7\u00e3o rubi de leve intensidade. No nariz, traz aromas n\u00edtidos de morango e framboesa, com toque de especiaria. Em boca apresenta taninos macios, acidez correta e final de boca levemente frutado.  Harmoniza\u00e7\u00e3o: Carnes vermelhas grelhadas, file mignon ao molho madeira, queijo de m\u00e9dia matura\u00e7\u00e3o e massa \u00e0 bolonhesa.  Regi\u00e3o: Serra Ga\u00facha  &nbsp;\" \/>\n<meta property=\"og:url\" content=\"https:\/\/terracoadega.com.br\/en\/product\/vinho-tinto-seco-merlot-santa-colina\/\" \/>\n<meta property=\"og:site_name\" content=\"Terra\u00e7o Adega\" \/>\n<meta property=\"article:modified_time\" content=\"2026-02-08T02:27:30+00:00\" \/>\n<meta property=\"og:image\" content=\"https:\/\/terracoadega.com.br\/wp-content\/uploads\/2026\/02\/Santa-Colina-Merlot-Seco.png\" \/>\n\t<meta property=\"og:image:width\" content=\"202\" \/>\n\t<meta property=\"og:image:height\" content=\"944\" \/>\n\t<meta property=\"og:image:type\" content=\"image\/png\" \/>\n<meta name=\"twitter:card\" content=\"summary_large_image\" \/>\n<meta name=\"twitter:label1\" content=\"Est. reading time\" \/>\n\t<meta name=\"twitter:data1\" content=\"1 minute\" \/>\n<script type=\"application\/ld+json\" class=\"yoast-schema-graph\">{\"@context\":\"https:\\\/\\\/schema.org\",\"@graph\":[{\"@type\":\"WebPage\",\"@id\":\"https:\\\/\\\/terracoadega.com.br\\\/produto\\\/vinho-tinto-seco-merlot-santa-colina\\\/\",\"url\":\"https:\\\/\\\/terracoadega.com.br\\\/produto\\\/vinho-tinto-seco-merlot-santa-colina\\\/\",\"name\":\"VINHO TINTO SECO MERLOT SANTA COLINA - Terra\u00e7o Adega\",\"isPartOf\":{\"@id\":\"https:\\\/\\\/terracoadega.com.br\\\/#website\"},\"primaryImageOfPage\":{\"@id\":\"https:\\\/\\\/terracoadega.com.br\\\/produto\\\/vinho-tinto-seco-merlot-santa-colina\\\/#primaryimage\"},\"image\":{\"@id\":\"https:\\\/\\\/terracoadega.com.br\\\/produto\\\/vinho-tinto-seco-merlot-santa-colina\\\/#primaryimage\"},\"thumbnailUrl\":\"https:\\\/\\\/terracoadega.com.br\\\/wp-content\\\/uploads\\\/2026\\\/02\\\/Santa-Colina-Merlot-Seco.png\",\"datePublished\":\"2026-02-08T01:48:07+00:00\",\"dateModified\":\"2026-02-08T02:27:30+00:00\",\"breadcrumb\":{\"@id\":\"https:\\\/\\\/terracoadega.com.br\\\/produto\\\/vinho-tinto-seco-merlot-santa-colina\\\/#breadcrumb\"},\"inLanguage\":\"en-US\",\"potentialAction\":[{\"@type\":\"ReadAction\",\"target\":[\"https:\\\/\\\/terracoadega.com.br\\\/produto\\\/vinho-tinto-seco-merlot-santa-colina\\\/\"]}]},{\"@type\":\"ImageObject\",\"inLanguage\":\"en-US\",\"@id\":\"https:\\\/\\\/terracoadega.com.br\\\/produto\\\/vinho-tinto-seco-merlot-santa-colina\\\/#primaryimage\",\"url\":\"https:\\\/\\\/terracoadega.com.br\\\/wp-content\\\/uploads\\\/2026\\\/02\\\/Santa-Colina-Merlot-Seco.png\",\"contentUrl\":\"https:\\\/\\\/terracoadega.com.br\\\/wp-content\\\/uploads\\\/2026\\\/02\\\/Santa-Colina-Merlot-Seco.png\",\"width\":202,\"height\":944},{\"@type\":\"BreadcrumbList\",\"@id\":\"https:\\\/\\\/terracoadega.com.br\\\/produto\\\/vinho-tinto-seco-merlot-santa-colina\\\/#breadcrumb\",\"itemListElement\":[{\"@type\":\"ListItem\",\"position\":1,\"name\":\"In\u00edcio\",\"item\":\"https:\\\/\\\/terracoadega.com.br\\\/\"},{\"@type\":\"ListItem\",\"position\":2,\"name\":\"Nossos Produtos\",\"item\":\"https:\\\/\\\/terracoadega.com.br\\\/loja\\\/\"},{\"@type\":\"ListItem\",\"position\":3,\"name\":\"VINHO TINTO SECO MERLOT SANTA COLINA\"}]},{\"@type\":\"WebSite\",\"@id\":\"https:\\\/\\\/terracoadega.com.br\\\/#website\",\"url\":\"https:\\\/\\\/terracoadega.com.br\\\/\",\"name\":\"Terra\u00e7o Adega\",\"description\":\"Vinhos em geral\",\"publisher\":{\"@id\":\"https:\\\/\\\/terracoadega.com.br\\\/#organization\"},\"potentialAction\":[{\"@type\":\"SearchAction\",\"target\":{\"@type\":\"EntryPoint\",\"urlTemplate\":\"https:\\\/\\\/terracoadega.com.br\\\/?s={search_term_string}\"},\"query-input\":{\"@type\":\"PropertyValueSpecification\",\"valueRequired\":true,\"valueName\":\"search_term_string\"}}],\"inLanguage\":\"en-US\"},{\"@type\":\"Organization\",\"@id\":\"https:\\\/\\\/terracoadega.com.br\\\/#organization\",\"name\":\"Terra\u00e7o Adega\",\"url\":\"https:\\\/\\\/terracoadega.com.br\\\/\",\"logo\":{\"@type\":\"ImageObject\",\"inLanguage\":\"en-US\",\"@id\":\"https:\\\/\\\/terracoadega.com.br\\\/#\\\/schema\\\/logo\\\/image\\\/\",\"url\":\"https:\\\/\\\/terracoadega.com.br\\\/wp-content\\\/uploads\\\/2025\\\/11\\\/logo-4-scaled.png\",\"contentUrl\":\"https:\\\/\\\/terracoadega.com.br\\\/wp-content\\\/uploads\\\/2025\\\/11\\\/logo-4-scaled.png\",\"width\":2560,\"height\":1575,\"caption\":\"Terra\u00e7o Adega\"},\"image\":{\"@id\":\"https:\\\/\\\/terracoadega.com.br\\\/#\\\/schema\\\/logo\\\/image\\\/\"}}]}<\/script>\n<!-- \/ Yoast SEO plugin. -->","yoast_head_json":{"title":"VINHO TINTO SECO MERLOT SANTA COLINA - Terra\u00e7o Adega","robots":{"index":"index","follow":"follow","max-snippet":"max-snippet:-1","max-image-preview":"max-image-preview:large","max-video-preview":"max-video-preview:-1"},"canonical":"https:\/\/terracoadega.com.br\/en\/product\/vinho-tinto-seco-merlot-santa-colina\/","og_locale":"en_US","og_type":"article","og_title":"VINHO TINTO SECO MERLOT SANTA COLINA - Terra\u00e7o Adega","og_description":"Variedade: Merlot  Diferenciais: Jovem, leve e agrad\u00e1vel  Degusta\u00e7\u00e3o: Colora\u00e7\u00e3o rubi de leve intensidade. No nariz, traz aromas n\u00edtidos de morango e framboesa, com toque de especiaria. Em boca apresenta taninos macios, acidez correta e final de boca levemente frutado.  Harmoniza\u00e7\u00e3o: Carnes vermelhas grelhadas, file mignon ao molho madeira, queijo de m\u00e9dia matura\u00e7\u00e3o e massa \u00e0 bolonhesa.  Regi\u00e3o: Serra Ga\u00facha  &nbsp;","og_url":"https:\/\/terracoadega.com.br\/en\/product\/vinho-tinto-seco-merlot-santa-colina\/","og_site_name":"Terra\u00e7o Adega","article_modified_time":"2026-02-08T02:27:30+00:00","og_image":[{"width":202,"height":944,"url":"https:\/\/terracoadega.com.br\/wp-content\/uploads\/2026\/02\/Santa-Colina-Merlot-Seco.png","type":"image\/png"}],"twitter_card":"summary_large_image","twitter_misc":{"Est. reading time":"1 minute"},"schema":{"@context":"https:\/\/schema.org","@graph":[{"@type":"WebPage","@id":"https:\/\/terracoadega.com.br\/produto\/vinho-tinto-seco-merlot-santa-colina\/","url":"https:\/\/terracoadega.com.br\/produto\/vinho-tinto-seco-merlot-santa-colina\/","name":"VINHO TINTO SECO MERLOT SANTA COLINA - Terra\u00e7o Adega","isPartOf":{"@id":"https:\/\/terracoadega.com.br\/#website"},"primaryImageOfPage":{"@id":"https:\/\/terracoadega.com.br\/produto\/vinho-tinto-seco-merlot-santa-colina\/#primaryimage"},"image":{"@id":"https:\/\/terracoadega.com.br\/produto\/vinho-tinto-seco-merlot-santa-colina\/#primaryimage"},"thumbnailUrl":"https:\/\/terracoadega.com.br\/wp-content\/uploads\/2026\/02\/Santa-Colina-Merlot-Seco.png","datePublished":"2026-02-08T01:48:07+00:00","dateModified":"2026-02-08T02:27:30+00:00","breadcrumb":{"@id":"https:\/\/terracoadega.com.br\/produto\/vinho-tinto-seco-merlot-santa-colina\/#breadcrumb"},"inLanguage":"en-US","potentialAction":[{"@type":"ReadAction","target":["https:\/\/terracoadega.com.br\/produto\/vinho-tinto-seco-merlot-santa-colina\/"]}]},{"@type":"ImageObject","inLanguage":"en-US","@id":"https:\/\/terracoadega.com.br\/produto\/vinho-tinto-seco-merlot-santa-colina\/#primaryimage","url":"https:\/\/terracoadega.com.br\/wp-content\/uploads\/2026\/02\/Santa-Colina-Merlot-Seco.png","contentUrl":"https:\/\/terracoadega.com.br\/wp-content\/uploads\/2026\/02\/Santa-Colina-Merlot-Seco.png","width":202,"height":944},{"@type":"BreadcrumbList","@id":"https:\/\/terracoadega.com.br\/produto\/vinho-tinto-seco-merlot-santa-colina\/#breadcrumb","itemListElement":[{"@type":"ListItem","position":1,"name":"In\u00edcio","item":"https:\/\/terracoadega.com.br\/"},{"@type":"ListItem","position":2,"name":"Nossos Produtos","item":"https:\/\/terracoadega.com.br\/loja\/"},{"@type":"ListItem","position":3,"name":"VINHO TINTO SECO MERLOT SANTA COLINA"}]},{"@type":"WebSite","@id":"https:\/\/terracoadega.com.br\/#website","url":"https:\/\/terracoadega.com.br\/","name":"Terra\u00e7o Adega","description":"Vinhos em geral","publisher":{"@id":"https:\/\/terracoadega.com.br\/#organization"},"potentialAction":[{"@type":"SearchAction","target":{"@type":"EntryPoint","urlTemplate":"https:\/\/terracoadega.com.br\/?s={search_term_string}"},"query-input":{"@type":"PropertyValueSpecification","valueRequired":true,"valueName":"search_term_string"}}],"inLanguage":"en-US"},{"@type":"Organization","@id":"https:\/\/terracoadega.com.br\/#organization","name":"Terra\u00e7o Adega","url":"https:\/\/terracoadega.com.br\/","logo":{"@type":"ImageObject","inLanguage":"en-US","@id":"https:\/\/terracoadega.com.br\/#\/schema\/logo\/image\/","url":"https:\/\/terracoadega.com.br\/wp-content\/uploads\/2025\/11\/logo-4-scaled.png","contentUrl":"https:\/\/terracoadega.com.br\/wp-content\/uploads\/2025\/11\/logo-4-scaled.png","width":2560,"height":1575,"caption":"Terra\u00e7o Adega"},"image":{"@id":"https:\/\/terracoadega.com.br\/#\/schema\/logo\/image\/"}}]}},"_links":{"self":[{"href":"https:\/\/terracoadega.com.br\/en\/wp-json\/wp\/v2\/product\/19894","targetHints":{"allow":["GET"]}}],"collection":[{"href":"https:\/\/terracoadega.com.br\/en\/wp-json\/wp\/v2\/product"}],"about":[{"href":"https:\/\/terracoadega.com.br\/en\/wp-json\/wp\/v2\/types\/product"}],"replies":[{"embeddable":true,"href":"https:\/\/terracoadega.com.br\/en\/wp-json\/wp\/v2\/comments?post=19894"}],"wp:featuredmedia":[{"embeddable":true,"href":"https:\/\/terracoadega.com.br\/en\/wp-json\/wp\/v2\/media\/19895"}],"wp:attachment":[{"href":"https:\/\/terracoadega.com.br\/en\/wp-json\/wp\/v2\/media?parent=19894"}],"wp:term":[{"taxonomy":"product_brand","embeddable":true,"href":"https:\/\/terracoadega.com.br\/en\/wp-json\/wp\/v2\/product_brand?post=19894"},{"taxonomy":"product_cat","embeddable":true,"href":"https:\/\/terracoadega.com.br\/en\/wp-json\/wp\/v2\/product_cat?post=19894"},{"taxonomy":"product_tag","embeddable":true,"href":"https:\/\/terracoadega.com.br\/en\/wp-json\/wp\/v2\/product_tag?post=19894"}],"curies":[{"name":"wp","href":"https:\/\/api.w.org\/{rel}","templated":true}]}}