{"id":19823,"date":"2025-12-06T02:15:28","date_gmt":"2025-12-06T05:15:28","guid":{"rendered":"https:\/\/terracoadega.com.br\/?post_type=product&#038;p=19823"},"modified":"2025-12-22T16:01:00","modified_gmt":"2025-12-22T19:01:00","slug":"terrenus-mesa-seco-premium","status":"publish","type":"product","link":"https:\/\/terracoadega.com.br\/en\/product\/terrenus-mesa-seco-premium\/","title":{"rendered":"TERRENUS MESA SECO PREMIUM"},"content":{"rendered":"","protected":false},"excerpt":{"rendered":"<p>Este vinho foi produzido com uvas cultivadas por meio da agricultura familiar, nossas mais de 700 fam\u00edlias associadas dedicam seus dias ao plantio das uvas que d\u00e3o o sabor a este vinho que chega at\u00e9 a sua casa. Somos uma grande fam\u00edlia que levanta todos os dias com o mesmo objetivo: levar sa\u00fade e qualidade para sua mesa!<\/p>\n<p>Degusta\u00e7\u00e3o:<\/p>\n<p>Fruta e aroma, sem deixar de lado a estrutura t\u00e2nica. Elaborado com uvas americanas, tem colora\u00e7\u00e3o rubi com bordas violetas. Seu aroma de chocolate e frutas vermelhas como framboesa deixa o ambiente com aquele cheirinho de vinho tinto.<\/p>\n<p>Harmoniza\u00e7\u00e3o:<\/p>\n<p>Experimente harmonizar este vinho com carnes vermelhas como churrasco e massa com molho vermelho ou uma deliciosa lasanha.<\/p>","protected":false},"featured_media":19822,"comment_status":"open","ping_status":"closed","template":"","meta":[],"product_brand":[],"product_cat":[180,179],"product_tag":[],"class_list":{"0":"post-19823","1":"product","2":"type-product","3":"status-publish","4":"has-post-thumbnail","6":"product_cat-vinhos-secos","7":"product_cat-vinhos-tintos","8":"product_shipping_class-nacional","10":"first","11":"instock","12":"shipping-taxable","13":"purchasable","14":"product-type-simple"},"yoast_head":"<!-- This site is optimized with the Yoast SEO plugin v27.4 - https:\/\/yoast.com\/product\/yoast-seo-wordpress\/ -->\n<title>TERRENUS MESA SECO PREMIUM - Terra\u00e7o Adega<\/title>\n<meta name=\"robots\" content=\"index, follow, max-snippet:-1, max-image-preview:large, max-video-preview:-1\" \/>\n<link rel=\"canonical\" href=\"https:\/\/terracoadega.com.br\/en\/product\/terrenus-mesa-seco-premium\/\" \/>\n<meta property=\"og:locale\" content=\"en_US\" \/>\n<meta property=\"og:type\" content=\"article\" \/>\n<meta property=\"og:title\" content=\"TERRENUS MESA SECO PREMIUM - Terra\u00e7o Adega\" \/>\n<meta property=\"og:description\" content=\"Este vinho foi produzido com uvas cultivadas por meio da agricultura familiar, nossas mais de 700 fam\u00edlias associadas dedicam seus dias ao plantio das uvas que d\u00e3o o sabor a este vinho que chega at\u00e9 a sua casa. Somos uma grande fam\u00edlia que levanta todos os dias com o mesmo objetivo: levar sa\u00fade e qualidade para sua mesa!  Degusta\u00e7\u00e3o:  Fruta e aroma, sem deixar de lado a estrutura t\u00e2nica. Elaborado com uvas americanas, tem colora\u00e7\u00e3o rubi com bordas violetas. Seu aroma de chocolate e frutas vermelhas como framboesa deixa o ambiente com aquele cheirinho de vinho tinto.  Harmoniza\u00e7\u00e3o:  Experimente harmonizar este vinho com carnes vermelhas como churrasco e massa com molho vermelho ou uma deliciosa lasanha.\" \/>\n<meta property=\"og:url\" content=\"https:\/\/terracoadega.com.br\/en\/product\/terrenus-mesa-seco-premium\/\" \/>\n<meta property=\"og:site_name\" content=\"Terra\u00e7o Adega\" \/>\n<meta property=\"article:modified_time\" content=\"2025-12-22T19:01:00+00:00\" \/>\n<meta property=\"og:image\" content=\"https:\/\/terracoadega.com.br\/wp-content\/uploads\/2025\/12\/Terrenus-seco-mesa.jpg\" \/>\n\t<meta property=\"og:image:width\" content=\"469\" \/>\n\t<meta property=\"og:image:height\" content=\"505\" \/>\n\t<meta property=\"og:image:type\" content=\"image\/jpeg\" \/>\n<meta name=\"twitter:card\" content=\"summary_large_image\" \/>\n<meta name=\"twitter:label1\" content=\"Est. reading time\" \/>\n\t<meta name=\"twitter:data1\" content=\"1 minute\" \/>\n<script type=\"application\/ld+json\" class=\"yoast-schema-graph\">{\"@context\":\"https:\\\/\\\/schema.org\",\"@graph\":[{\"@type\":\"WebPage\",\"@id\":\"https:\\\/\\\/terracoadega.com.br\\\/produto\\\/terrenus-mesa-seco-premium\\\/\",\"url\":\"https:\\\/\\\/terracoadega.com.br\\\/produto\\\/terrenus-mesa-seco-premium\\\/\",\"name\":\"TERRENUS MESA SECO PREMIUM - Terra\u00e7o Adega\",\"isPartOf\":{\"@id\":\"https:\\\/\\\/terracoadega.com.br\\\/#website\"},\"primaryImageOfPage\":{\"@id\":\"https:\\\/\\\/terracoadega.com.br\\\/produto\\\/terrenus-mesa-seco-premium\\\/#primaryimage\"},\"image\":{\"@id\":\"https:\\\/\\\/terracoadega.com.br\\\/produto\\\/terrenus-mesa-seco-premium\\\/#primaryimage\"},\"thumbnailUrl\":\"https:\\\/\\\/terracoadega.com.br\\\/wp-content\\\/uploads\\\/2025\\\/12\\\/Terrenus-seco-mesa.jpg\",\"datePublished\":\"2025-12-06T05:15:28+00:00\",\"dateModified\":\"2025-12-22T19:01:00+00:00\",\"breadcrumb\":{\"@id\":\"https:\\\/\\\/terracoadega.com.br\\\/produto\\\/terrenus-mesa-seco-premium\\\/#breadcrumb\"},\"inLanguage\":\"en-US\",\"potentialAction\":[{\"@type\":\"ReadAction\",\"target\":[\"https:\\\/\\\/terracoadega.com.br\\\/produto\\\/terrenus-mesa-seco-premium\\\/\"]}]},{\"@type\":\"ImageObject\",\"inLanguage\":\"en-US\",\"@id\":\"https:\\\/\\\/terracoadega.com.br\\\/produto\\\/terrenus-mesa-seco-premium\\\/#primaryimage\",\"url\":\"https:\\\/\\\/terracoadega.com.br\\\/wp-content\\\/uploads\\\/2025\\\/12\\\/Terrenus-seco-mesa.jpg\",\"contentUrl\":\"https:\\\/\\\/terracoadega.com.br\\\/wp-content\\\/uploads\\\/2025\\\/12\\\/Terrenus-seco-mesa.jpg\",\"width\":469,\"height\":505},{\"@type\":\"BreadcrumbList\",\"@id\":\"https:\\\/\\\/terracoadega.com.br\\\/produto\\\/terrenus-mesa-seco-premium\\\/#breadcrumb\",\"itemListElement\":[{\"@type\":\"ListItem\",\"position\":1,\"name\":\"In\u00edcio\",\"item\":\"https:\\\/\\\/terracoadega.com.br\\\/\"},{\"@type\":\"ListItem\",\"position\":2,\"name\":\"Nossos Produtos\",\"item\":\"https:\\\/\\\/terracoadega.com.br\\\/loja\\\/\"},{\"@type\":\"ListItem\",\"position\":3,\"name\":\"TERRENUS MESA SECO PREMIUM\"}]},{\"@type\":\"WebSite\",\"@id\":\"https:\\\/\\\/terracoadega.com.br\\\/#website\",\"url\":\"https:\\\/\\\/terracoadega.com.br\\\/\",\"name\":\"Terra\u00e7o Adega\",\"description\":\"Vinhos em geral\",\"publisher\":{\"@id\":\"https:\\\/\\\/terracoadega.com.br\\\/#organization\"},\"potentialAction\":[{\"@type\":\"SearchAction\",\"target\":{\"@type\":\"EntryPoint\",\"urlTemplate\":\"https:\\\/\\\/terracoadega.com.br\\\/?s={search_term_string}\"},\"query-input\":{\"@type\":\"PropertyValueSpecification\",\"valueRequired\":true,\"valueName\":\"search_term_string\"}}],\"inLanguage\":\"en-US\"},{\"@type\":\"Organization\",\"@id\":\"https:\\\/\\\/terracoadega.com.br\\\/#organization\",\"name\":\"Terra\u00e7o Adega\",\"url\":\"https:\\\/\\\/terracoadega.com.br\\\/\",\"logo\":{\"@type\":\"ImageObject\",\"inLanguage\":\"en-US\",\"@id\":\"https:\\\/\\\/terracoadega.com.br\\\/#\\\/schema\\\/logo\\\/image\\\/\",\"url\":\"https:\\\/\\\/terracoadega.com.br\\\/wp-content\\\/uploads\\\/2025\\\/11\\\/logo-4-scaled.png\",\"contentUrl\":\"https:\\\/\\\/terracoadega.com.br\\\/wp-content\\\/uploads\\\/2025\\\/11\\\/logo-4-scaled.png\",\"width\":2560,\"height\":1575,\"caption\":\"Terra\u00e7o Adega\"},\"image\":{\"@id\":\"https:\\\/\\\/terracoadega.com.br\\\/#\\\/schema\\\/logo\\\/image\\\/\"}}]}<\/script>\n<!-- \/ Yoast SEO plugin. -->","yoast_head_json":{"title":"TERRENUS MESA SECO PREMIUM - Terra\u00e7o Adega","robots":{"index":"index","follow":"follow","max-snippet":"max-snippet:-1","max-image-preview":"max-image-preview:large","max-video-preview":"max-video-preview:-1"},"canonical":"https:\/\/terracoadega.com.br\/en\/product\/terrenus-mesa-seco-premium\/","og_locale":"en_US","og_type":"article","og_title":"TERRENUS MESA SECO PREMIUM - Terra\u00e7o Adega","og_description":"Este vinho foi produzido com uvas cultivadas por meio da agricultura familiar, nossas mais de 700 fam\u00edlias associadas dedicam seus dias ao plantio das uvas que d\u00e3o o sabor a este vinho que chega at\u00e9 a sua casa. Somos uma grande fam\u00edlia que levanta todos os dias com o mesmo objetivo: levar sa\u00fade e qualidade para sua mesa!  Degusta\u00e7\u00e3o:  Fruta e aroma, sem deixar de lado a estrutura t\u00e2nica. Elaborado com uvas americanas, tem colora\u00e7\u00e3o rubi com bordas violetas. Seu aroma de chocolate e frutas vermelhas como framboesa deixa o ambiente com aquele cheirinho de vinho tinto.  Harmoniza\u00e7\u00e3o:  Experimente harmonizar este vinho com carnes vermelhas como churrasco e massa com molho vermelho ou uma deliciosa lasanha.","og_url":"https:\/\/terracoadega.com.br\/en\/product\/terrenus-mesa-seco-premium\/","og_site_name":"Terra\u00e7o Adega","article_modified_time":"2025-12-22T19:01:00+00:00","og_image":[{"width":469,"height":505,"url":"https:\/\/terracoadega.com.br\/wp-content\/uploads\/2025\/12\/Terrenus-seco-mesa.jpg","type":"image\/jpeg"}],"twitter_card":"summary_large_image","twitter_misc":{"Est. reading time":"1 minute"},"schema":{"@context":"https:\/\/schema.org","@graph":[{"@type":"WebPage","@id":"https:\/\/terracoadega.com.br\/produto\/terrenus-mesa-seco-premium\/","url":"https:\/\/terracoadega.com.br\/produto\/terrenus-mesa-seco-premium\/","name":"TERRENUS MESA SECO PREMIUM - Terra\u00e7o Adega","isPartOf":{"@id":"https:\/\/terracoadega.com.br\/#website"},"primaryImageOfPage":{"@id":"https:\/\/terracoadega.com.br\/produto\/terrenus-mesa-seco-premium\/#primaryimage"},"image":{"@id":"https:\/\/terracoadega.com.br\/produto\/terrenus-mesa-seco-premium\/#primaryimage"},"thumbnailUrl":"https:\/\/terracoadega.com.br\/wp-content\/uploads\/2025\/12\/Terrenus-seco-mesa.jpg","datePublished":"2025-12-06T05:15:28+00:00","dateModified":"2025-12-22T19:01:00+00:00","breadcrumb":{"@id":"https:\/\/terracoadega.com.br\/produto\/terrenus-mesa-seco-premium\/#breadcrumb"},"inLanguage":"en-US","potentialAction":[{"@type":"ReadAction","target":["https:\/\/terracoadega.com.br\/produto\/terrenus-mesa-seco-premium\/"]}]},{"@type":"ImageObject","inLanguage":"en-US","@id":"https:\/\/terracoadega.com.br\/produto\/terrenus-mesa-seco-premium\/#primaryimage","url":"https:\/\/terracoadega.com.br\/wp-content\/uploads\/2025\/12\/Terrenus-seco-mesa.jpg","contentUrl":"https:\/\/terracoadega.com.br\/wp-content\/uploads\/2025\/12\/Terrenus-seco-mesa.jpg","width":469,"height":505},{"@type":"BreadcrumbList","@id":"https:\/\/terracoadega.com.br\/produto\/terrenus-mesa-seco-premium\/#breadcrumb","itemListElement":[{"@type":"ListItem","position":1,"name":"In\u00edcio","item":"https:\/\/terracoadega.com.br\/"},{"@type":"ListItem","position":2,"name":"Nossos Produtos","item":"https:\/\/terracoadega.com.br\/loja\/"},{"@type":"ListItem","position":3,"name":"TERRENUS MESA SECO PREMIUM"}]},{"@type":"WebSite","@id":"https:\/\/terracoadega.com.br\/#website","url":"https:\/\/terracoadega.com.br\/","name":"Terra\u00e7o Adega","description":"Vinhos em geral","publisher":{"@id":"https:\/\/terracoadega.com.br\/#organization"},"potentialAction":[{"@type":"SearchAction","target":{"@type":"EntryPoint","urlTemplate":"https:\/\/terracoadega.com.br\/?s={search_term_string}"},"query-input":{"@type":"PropertyValueSpecification","valueRequired":true,"valueName":"search_term_string"}}],"inLanguage":"en-US"},{"@type":"Organization","@id":"https:\/\/terracoadega.com.br\/#organization","name":"Terra\u00e7o Adega","url":"https:\/\/terracoadega.com.br\/","logo":{"@type":"ImageObject","inLanguage":"en-US","@id":"https:\/\/terracoadega.com.br\/#\/schema\/logo\/image\/","url":"https:\/\/terracoadega.com.br\/wp-content\/uploads\/2025\/11\/logo-4-scaled.png","contentUrl":"https:\/\/terracoadega.com.br\/wp-content\/uploads\/2025\/11\/logo-4-scaled.png","width":2560,"height":1575,"caption":"Terra\u00e7o Adega"},"image":{"@id":"https:\/\/terracoadega.com.br\/#\/schema\/logo\/image\/"}}]}},"_links":{"self":[{"href":"https:\/\/terracoadega.com.br\/en\/wp-json\/wp\/v2\/product\/19823","targetHints":{"allow":["GET"]}}],"collection":[{"href":"https:\/\/terracoadega.com.br\/en\/wp-json\/wp\/v2\/product"}],"about":[{"href":"https:\/\/terracoadega.com.br\/en\/wp-json\/wp\/v2\/types\/product"}],"replies":[{"embeddable":true,"href":"https:\/\/terracoadega.com.br\/en\/wp-json\/wp\/v2\/comments?post=19823"}],"wp:featuredmedia":[{"embeddable":true,"href":"https:\/\/terracoadega.com.br\/en\/wp-json\/wp\/v2\/media\/19822"}],"wp:attachment":[{"href":"https:\/\/terracoadega.com.br\/en\/wp-json\/wp\/v2\/media?parent=19823"}],"wp:term":[{"taxonomy":"product_brand","embeddable":true,"href":"https:\/\/terracoadega.com.br\/en\/wp-json\/wp\/v2\/product_brand?post=19823"},{"taxonomy":"product_cat","embeddable":true,"href":"https:\/\/terracoadega.com.br\/en\/wp-json\/wp\/v2\/product_cat?post=19823"},{"taxonomy":"product_tag","embeddable":true,"href":"https:\/\/terracoadega.com.br\/en\/wp-json\/wp\/v2\/product_tag?post=19823"}],"curies":[{"name":"wp","href":"https:\/\/api.w.org\/{rel}","templated":true}]}}