{"id":19810,"date":"2025-12-06T02:06:38","date_gmt":"2025-12-06T05:06:38","guid":{"rendered":"https:\/\/terracoadega.com.br\/?post_type=product&#038;p=19810"},"modified":"2025-12-22T15:47:10","modified_gmt":"2025-12-22T18:47:10","slug":"terrenus-cabernet-merlot","status":"publish","type":"product","link":"https:\/\/terracoadega.com.br\/en\/product\/terrenus-cabernet-merlot\/","title":{"rendered":"TERRENUS CABERNET &#038; MERLOT"},"content":{"rendered":"","protected":false},"excerpt":{"rendered":"<p>O Terrenus \u00e9 um corte das uvas Cabernet Sauvignon e Merlot que se traduz em um vinho harm\u00f4nico e frutado. Com intensos aromas de frutas vermelhas e evolu\u00e7\u00e3o para notas de especiarias como cravo, este vinho traduz todo car\u00e1ter de seu terroir.<\/p>\n<p>Degusta\u00e7\u00e3o:<\/p>\n<p>De cor rubi com tons viol\u00e1ceos, este exemplar tem aroma de frutas vermelhas e perfeito equil\u00edbrio entre corpo e taninos.<\/p>\n<p>Harmoniza\u00e7\u00e3o:<\/p>\n<p>O Terrenus Cabernet &amp; Merlot \u00e9 companhia ideal para aperitivos, massas, pizzas e carnes assadas.<\/p>","protected":false},"featured_media":19820,"comment_status":"open","ping_status":"closed","template":"","meta":[],"product_brand":[210],"product_cat":[179],"product_tag":[214,212,213,211,193],"class_list":{"0":"post-19810","1":"product","2":"type-product","3":"status-publish","4":"has-post-thumbnail","6":"product_brand-terrenus","7":"product_cat-vinhos-tintos","8":"product_tag-merlot-cabernet-sauvignon","9":"product_tag-vinho-brasileiro","10":"product_tag-vinho-da-serra-gaucha","11":"product_tag-vinho-meio-seco","12":"product_tag-vinho-tinto","13":"product_shipping_class-nacional","15":"first","16":"instock","17":"shipping-taxable","18":"purchasable","19":"product-type-simple"},"yoast_head":"<!-- This site is optimized with the Yoast SEO plugin v27.4 - https:\/\/yoast.com\/product\/yoast-seo-wordpress\/ -->\n<title>TERRENUS CABERNET &amp; MERLOT - Terra\u00e7o Adega<\/title>\n<meta name=\"robots\" content=\"index, follow, max-snippet:-1, max-image-preview:large, max-video-preview:-1\" \/>\n<link rel=\"canonical\" href=\"https:\/\/terracoadega.com.br\/en\/product\/terrenus-cabernet-merlot\/\" \/>\n<meta property=\"og:locale\" content=\"en_US\" \/>\n<meta property=\"og:type\" content=\"article\" \/>\n<meta property=\"og:title\" content=\"TERRENUS CABERNET &amp; MERLOT - Terra\u00e7o Adega\" \/>\n<meta property=\"og:description\" content=\"O Terrenus \u00e9 um corte das uvas Cabernet Sauvignon e Merlot que se traduz em um vinho harm\u00f4nico e frutado. Com intensos aromas de frutas vermelhas e evolu\u00e7\u00e3o para notas de especiarias como cravo, este vinho traduz todo car\u00e1ter de seu terroir.  Degusta\u00e7\u00e3o:  De cor rubi com tons viol\u00e1ceos, este exemplar tem aroma de frutas vermelhas e perfeito equil\u00edbrio entre corpo e taninos.  Harmoniza\u00e7\u00e3o:  O Terrenus Cabernet &amp; Merlot \u00e9 companhia ideal para aperitivos, massas, pizzas e carnes assadas.\" \/>\n<meta property=\"og:url\" content=\"https:\/\/terracoadega.com.br\/en\/product\/terrenus-cabernet-merlot\/\" \/>\n<meta property=\"og:site_name\" content=\"Terra\u00e7o Adega\" \/>\n<meta property=\"article:modified_time\" content=\"2025-12-22T18:47:10+00:00\" \/>\n<meta property=\"og:image\" content=\"https:\/\/terracoadega.com.br\/wp-content\/uploads\/2025\/12\/Terrenus-meio-seco-1.jpg\" \/>\n\t<meta property=\"og:image:width\" content=\"413\" \/>\n\t<meta property=\"og:image:height\" content=\"494\" \/>\n\t<meta property=\"og:image:type\" content=\"image\/jpeg\" \/>\n<meta name=\"twitter:card\" content=\"summary_large_image\" \/>\n<script type=\"application\/ld+json\" class=\"yoast-schema-graph\">{\"@context\":\"https:\\\/\\\/schema.org\",\"@graph\":[{\"@type\":\"WebPage\",\"@id\":\"https:\\\/\\\/terracoadega.com.br\\\/produto\\\/terrenus-cabernet-merlot\\\/\",\"url\":\"https:\\\/\\\/terracoadega.com.br\\\/produto\\\/terrenus-cabernet-merlot\\\/\",\"name\":\"TERRENUS CABERNET & MERLOT - Terra\u00e7o Adega\",\"isPartOf\":{\"@id\":\"https:\\\/\\\/terracoadega.com.br\\\/#website\"},\"primaryImageOfPage\":{\"@id\":\"https:\\\/\\\/terracoadega.com.br\\\/produto\\\/terrenus-cabernet-merlot\\\/#primaryimage\"},\"image\":{\"@id\":\"https:\\\/\\\/terracoadega.com.br\\\/produto\\\/terrenus-cabernet-merlot\\\/#primaryimage\"},\"thumbnailUrl\":\"https:\\\/\\\/terracoadega.com.br\\\/wp-content\\\/uploads\\\/2025\\\/12\\\/Terrenus-meio-seco-1.jpg\",\"datePublished\":\"2025-12-06T05:06:38+00:00\",\"dateModified\":\"2025-12-22T18:47:10+00:00\",\"breadcrumb\":{\"@id\":\"https:\\\/\\\/terracoadega.com.br\\\/produto\\\/terrenus-cabernet-merlot\\\/#breadcrumb\"},\"inLanguage\":\"en-US\",\"potentialAction\":[{\"@type\":\"ReadAction\",\"target\":[\"https:\\\/\\\/terracoadega.com.br\\\/produto\\\/terrenus-cabernet-merlot\\\/\"]}]},{\"@type\":\"ImageObject\",\"inLanguage\":\"en-US\",\"@id\":\"https:\\\/\\\/terracoadega.com.br\\\/produto\\\/terrenus-cabernet-merlot\\\/#primaryimage\",\"url\":\"https:\\\/\\\/terracoadega.com.br\\\/wp-content\\\/uploads\\\/2025\\\/12\\\/Terrenus-meio-seco-1.jpg\",\"contentUrl\":\"https:\\\/\\\/terracoadega.com.br\\\/wp-content\\\/uploads\\\/2025\\\/12\\\/Terrenus-meio-seco-1.jpg\",\"width\":413,\"height\":494},{\"@type\":\"BreadcrumbList\",\"@id\":\"https:\\\/\\\/terracoadega.com.br\\\/produto\\\/terrenus-cabernet-merlot\\\/#breadcrumb\",\"itemListElement\":[{\"@type\":\"ListItem\",\"position\":1,\"name\":\"In\u00edcio\",\"item\":\"https:\\\/\\\/terracoadega.com.br\\\/\"},{\"@type\":\"ListItem\",\"position\":2,\"name\":\"Nossos Produtos\",\"item\":\"https:\\\/\\\/terracoadega.com.br\\\/loja\\\/\"},{\"@type\":\"ListItem\",\"position\":3,\"name\":\"TERRENUS CABERNET &#038; MERLOT\"}]},{\"@type\":\"WebSite\",\"@id\":\"https:\\\/\\\/terracoadega.com.br\\\/#website\",\"url\":\"https:\\\/\\\/terracoadega.com.br\\\/\",\"name\":\"Terra\u00e7o Adega\",\"description\":\"Vinhos em geral\",\"publisher\":{\"@id\":\"https:\\\/\\\/terracoadega.com.br\\\/#organization\"},\"potentialAction\":[{\"@type\":\"SearchAction\",\"target\":{\"@type\":\"EntryPoint\",\"urlTemplate\":\"https:\\\/\\\/terracoadega.com.br\\\/?s={search_term_string}\"},\"query-input\":{\"@type\":\"PropertyValueSpecification\",\"valueRequired\":true,\"valueName\":\"search_term_string\"}}],\"inLanguage\":\"en-US\"},{\"@type\":\"Organization\",\"@id\":\"https:\\\/\\\/terracoadega.com.br\\\/#organization\",\"name\":\"Terra\u00e7o Adega\",\"url\":\"https:\\\/\\\/terracoadega.com.br\\\/\",\"logo\":{\"@type\":\"ImageObject\",\"inLanguage\":\"en-US\",\"@id\":\"https:\\\/\\\/terracoadega.com.br\\\/#\\\/schema\\\/logo\\\/image\\\/\",\"url\":\"https:\\\/\\\/terracoadega.com.br\\\/wp-content\\\/uploads\\\/2025\\\/11\\\/logo-4-scaled.png\",\"contentUrl\":\"https:\\\/\\\/terracoadega.com.br\\\/wp-content\\\/uploads\\\/2025\\\/11\\\/logo-4-scaled.png\",\"width\":2560,\"height\":1575,\"caption\":\"Terra\u00e7o Adega\"},\"image\":{\"@id\":\"https:\\\/\\\/terracoadega.com.br\\\/#\\\/schema\\\/logo\\\/image\\\/\"}}]}<\/script>\n<!-- \/ Yoast SEO plugin. -->","yoast_head_json":{"title":"TERRENUS CABERNET & MERLOT - Terra\u00e7o Adega","robots":{"index":"index","follow":"follow","max-snippet":"max-snippet:-1","max-image-preview":"max-image-preview:large","max-video-preview":"max-video-preview:-1"},"canonical":"https:\/\/terracoadega.com.br\/en\/product\/terrenus-cabernet-merlot\/","og_locale":"en_US","og_type":"article","og_title":"TERRENUS CABERNET & MERLOT - Terra\u00e7o Adega","og_description":"O Terrenus \u00e9 um corte das uvas Cabernet Sauvignon e Merlot que se traduz em um vinho harm\u00f4nico e frutado. Com intensos aromas de frutas vermelhas e evolu\u00e7\u00e3o para notas de especiarias como cravo, este vinho traduz todo car\u00e1ter de seu terroir.  Degusta\u00e7\u00e3o:  De cor rubi com tons viol\u00e1ceos, este exemplar tem aroma de frutas vermelhas e perfeito equil\u00edbrio entre corpo e taninos.  Harmoniza\u00e7\u00e3o:  O Terrenus Cabernet &amp; Merlot \u00e9 companhia ideal para aperitivos, massas, pizzas e carnes assadas.","og_url":"https:\/\/terracoadega.com.br\/en\/product\/terrenus-cabernet-merlot\/","og_site_name":"Terra\u00e7o Adega","article_modified_time":"2025-12-22T18:47:10+00:00","og_image":[{"width":413,"height":494,"url":"https:\/\/terracoadega.com.br\/wp-content\/uploads\/2025\/12\/Terrenus-meio-seco-1.jpg","type":"image\/jpeg"}],"twitter_card":"summary_large_image","schema":{"@context":"https:\/\/schema.org","@graph":[{"@type":"WebPage","@id":"https:\/\/terracoadega.com.br\/produto\/terrenus-cabernet-merlot\/","url":"https:\/\/terracoadega.com.br\/produto\/terrenus-cabernet-merlot\/","name":"TERRENUS CABERNET & MERLOT - Terra\u00e7o Adega","isPartOf":{"@id":"https:\/\/terracoadega.com.br\/#website"},"primaryImageOfPage":{"@id":"https:\/\/terracoadega.com.br\/produto\/terrenus-cabernet-merlot\/#primaryimage"},"image":{"@id":"https:\/\/terracoadega.com.br\/produto\/terrenus-cabernet-merlot\/#primaryimage"},"thumbnailUrl":"https:\/\/terracoadega.com.br\/wp-content\/uploads\/2025\/12\/Terrenus-meio-seco-1.jpg","datePublished":"2025-12-06T05:06:38+00:00","dateModified":"2025-12-22T18:47:10+00:00","breadcrumb":{"@id":"https:\/\/terracoadega.com.br\/produto\/terrenus-cabernet-merlot\/#breadcrumb"},"inLanguage":"en-US","potentialAction":[{"@type":"ReadAction","target":["https:\/\/terracoadega.com.br\/produto\/terrenus-cabernet-merlot\/"]}]},{"@type":"ImageObject","inLanguage":"en-US","@id":"https:\/\/terracoadega.com.br\/produto\/terrenus-cabernet-merlot\/#primaryimage","url":"https:\/\/terracoadega.com.br\/wp-content\/uploads\/2025\/12\/Terrenus-meio-seco-1.jpg","contentUrl":"https:\/\/terracoadega.com.br\/wp-content\/uploads\/2025\/12\/Terrenus-meio-seco-1.jpg","width":413,"height":494},{"@type":"BreadcrumbList","@id":"https:\/\/terracoadega.com.br\/produto\/terrenus-cabernet-merlot\/#breadcrumb","itemListElement":[{"@type":"ListItem","position":1,"name":"In\u00edcio","item":"https:\/\/terracoadega.com.br\/"},{"@type":"ListItem","position":2,"name":"Nossos Produtos","item":"https:\/\/terracoadega.com.br\/loja\/"},{"@type":"ListItem","position":3,"name":"TERRENUS CABERNET &#038; MERLOT"}]},{"@type":"WebSite","@id":"https:\/\/terracoadega.com.br\/#website","url":"https:\/\/terracoadega.com.br\/","name":"Terra\u00e7o Adega","description":"Vinhos em geral","publisher":{"@id":"https:\/\/terracoadega.com.br\/#organization"},"potentialAction":[{"@type":"SearchAction","target":{"@type":"EntryPoint","urlTemplate":"https:\/\/terracoadega.com.br\/?s={search_term_string}"},"query-input":{"@type":"PropertyValueSpecification","valueRequired":true,"valueName":"search_term_string"}}],"inLanguage":"en-US"},{"@type":"Organization","@id":"https:\/\/terracoadega.com.br\/#organization","name":"Terra\u00e7o Adega","url":"https:\/\/terracoadega.com.br\/","logo":{"@type":"ImageObject","inLanguage":"en-US","@id":"https:\/\/terracoadega.com.br\/#\/schema\/logo\/image\/","url":"https:\/\/terracoadega.com.br\/wp-content\/uploads\/2025\/11\/logo-4-scaled.png","contentUrl":"https:\/\/terracoadega.com.br\/wp-content\/uploads\/2025\/11\/logo-4-scaled.png","width":2560,"height":1575,"caption":"Terra\u00e7o Adega"},"image":{"@id":"https:\/\/terracoadega.com.br\/#\/schema\/logo\/image\/"}}]}},"_links":{"self":[{"href":"https:\/\/terracoadega.com.br\/en\/wp-json\/wp\/v2\/product\/19810","targetHints":{"allow":["GET"]}}],"collection":[{"href":"https:\/\/terracoadega.com.br\/en\/wp-json\/wp\/v2\/product"}],"about":[{"href":"https:\/\/terracoadega.com.br\/en\/wp-json\/wp\/v2\/types\/product"}],"replies":[{"embeddable":true,"href":"https:\/\/terracoadega.com.br\/en\/wp-json\/wp\/v2\/comments?post=19810"}],"wp:featuredmedia":[{"embeddable":true,"href":"https:\/\/terracoadega.com.br\/en\/wp-json\/wp\/v2\/media\/19820"}],"wp:attachment":[{"href":"https:\/\/terracoadega.com.br\/en\/wp-json\/wp\/v2\/media?parent=19810"}],"wp:term":[{"taxonomy":"product_brand","embeddable":true,"href":"https:\/\/terracoadega.com.br\/en\/wp-json\/wp\/v2\/product_brand?post=19810"},{"taxonomy":"product_cat","embeddable":true,"href":"https:\/\/terracoadega.com.br\/en\/wp-json\/wp\/v2\/product_cat?post=19810"},{"taxonomy":"product_tag","embeddable":true,"href":"https:\/\/terracoadega.com.br\/en\/wp-json\/wp\/v2\/product_tag?post=19810"}],"curies":[{"name":"wp","href":"https:\/\/api.w.org\/{rel}","templated":true}]}}