{"id":19665,"date":"2025-11-11T17:42:07","date_gmt":"2025-11-11T20:42:07","guid":{"rendered":"https:\/\/devtestemangue.com.br\/valber\/terraco-adega\/?post_type=product&#038;p=19665"},"modified":"2025-12-22T15:17:56","modified_gmt":"2025-12-22T18:17:56","slug":"pedra-cancela","status":"publish","type":"product","link":"https:\/\/terracoadega.com.br\/en\/product\/pedra-cancela\/","title":{"rendered":"PEDRA CANCELA"},"content":{"rendered":"<p>&nbsp;<\/p>\n<p>Produtor Lusovini<br \/>\nPa\u00eds Portugal<br \/>\nRegi\u00e3o D\u00e3o<br \/>\nTipo Tinto<br \/>\nUva Touriga Nacional, Tinta Roriz e Alfrocheiro<br \/>\nVolume 375ml \/ 750ml \/ 1500ml<br \/>\nSafra 2016<br \/>\nTeor alco\u00f3lico 13,5%<br \/>\nTemperatura de servi\u00e7o 14 &#8211; 16\u00baC<br \/>\nVinifica\u00e7\u00e3o Fermenta\u00e7\u00e3o a temperatura<br \/>\ncontrolada entre 24 e 26\u00baC<br \/>\nMatura\u00e7\u00e3o 6 meses em barricas de carvalho franc\u00eas<br \/>\nCorpo M\u00e9dio<br \/>\nPotencial de guarda 6 anos<br \/>\nHarmoniza\u00e7\u00f5es Carnes vermelhas e queijos de massa mole<\/p>","protected":false},"excerpt":{"rendered":"<p>Com notas de frutos vermelhos, ameixa madura e cacau, este tinto \u00e9 um t\u00edpico exemplar do D\u00e3o, macio e de tanimos elegantes.<\/p>","protected":false},"featured_media":19691,"comment_status":"open","ping_status":"closed","template":"","meta":[],"product_brand":[191],"product_cat":[179],"product_tag":[200,194,199,197,192,209,193],"class_list":{"0":"post-19665","1":"product","2":"type-product","3":"status-publish","4":"has-post-thumbnail","6":"product_brand-pedra-cancela","7":"product_cat-vinhos-tintos","8":"product_tag-alfrocheiro","9":"product_tag-pedra-cancela","10":"product_tag-tinta-roriz","11":"product_tag-touriga-nacional","12":"product_tag-vinho","13":"product_tag-vinho-portugues","14":"product_tag-vinho-tinto","15":"product_shipping_class-nacional","17":"first","18":"instock","19":"shipping-taxable","20":"purchasable","21":"product-type-simple"},"yoast_head":"<!-- This site is optimized with the Yoast SEO plugin v27.4 - https:\/\/yoast.com\/product\/yoast-seo-wordpress\/ -->\n<title>PEDRA CANCELA - Terra\u00e7o Adega<\/title>\n<meta name=\"robots\" content=\"index, follow, max-snippet:-1, max-image-preview:large, max-video-preview:-1\" \/>\n<link rel=\"canonical\" href=\"https:\/\/terracoadega.com.br\/en\/product\/pedra-cancela\/\" \/>\n<meta property=\"og:locale\" content=\"en_US\" \/>\n<meta property=\"og:type\" content=\"article\" \/>\n<meta property=\"og:title\" content=\"PEDRA CANCELA - Terra\u00e7o Adega\" \/>\n<meta property=\"og:description\" content=\"Com notas de frutos vermelhos, ameixa madura e cacau, este tinto \u00e9 um t\u00edpico exemplar do D\u00e3o, macio e de tanimos elegantes.\" \/>\n<meta property=\"og:url\" content=\"https:\/\/terracoadega.com.br\/en\/product\/pedra-cancela\/\" \/>\n<meta property=\"og:site_name\" content=\"Terra\u00e7o Adega\" \/>\n<meta property=\"article:modified_time\" content=\"2025-12-22T18:17:56+00:00\" \/>\n<meta property=\"og:image\" content=\"https:\/\/terracoadega.com.br\/wp-content\/uploads\/2025\/11\/Imagem-do-WhatsApp-de-2025-11-14-as-14.14.56_49ae08a1.jpg\" \/>\n\t<meta property=\"og:image:width\" content=\"600\" \/>\n\t<meta property=\"og:image:height\" content=\"800\" \/>\n\t<meta property=\"og:image:type\" content=\"image\/jpeg\" \/>\n<meta name=\"twitter:card\" content=\"summary_large_image\" \/>\n<meta name=\"twitter:label1\" content=\"Est. reading time\" \/>\n\t<meta name=\"twitter:data1\" content=\"1 minute\" \/>\n<script type=\"application\/ld+json\" class=\"yoast-schema-graph\">{\"@context\":\"https:\\\/\\\/schema.org\",\"@graph\":[{\"@type\":\"WebPage\",\"@id\":\"https:\\\/\\\/terracoadega.com.br\\\/produto\\\/pedra-cancela\\\/\",\"url\":\"https:\\\/\\\/terracoadega.com.br\\\/produto\\\/pedra-cancela\\\/\",\"name\":\"PEDRA CANCELA - Terra\u00e7o Adega\",\"isPartOf\":{\"@id\":\"https:\\\/\\\/terracoadega.com.br\\\/#website\"},\"primaryImageOfPage\":{\"@id\":\"https:\\\/\\\/terracoadega.com.br\\\/produto\\\/pedra-cancela\\\/#primaryimage\"},\"image\":{\"@id\":\"https:\\\/\\\/terracoadega.com.br\\\/produto\\\/pedra-cancela\\\/#primaryimage\"},\"thumbnailUrl\":\"https:\\\/\\\/terracoadega.com.br\\\/wp-content\\\/uploads\\\/2025\\\/11\\\/Imagem-do-WhatsApp-de-2025-11-14-as-14.14.56_49ae08a1.jpg\",\"datePublished\":\"2025-11-11T20:42:07+00:00\",\"dateModified\":\"2025-12-22T18:17:56+00:00\",\"breadcrumb\":{\"@id\":\"https:\\\/\\\/terracoadega.com.br\\\/produto\\\/pedra-cancela\\\/#breadcrumb\"},\"inLanguage\":\"en-US\",\"potentialAction\":[{\"@type\":\"ReadAction\",\"target\":[\"https:\\\/\\\/terracoadega.com.br\\\/produto\\\/pedra-cancela\\\/\"]}]},{\"@type\":\"ImageObject\",\"inLanguage\":\"en-US\",\"@id\":\"https:\\\/\\\/terracoadega.com.br\\\/produto\\\/pedra-cancela\\\/#primaryimage\",\"url\":\"https:\\\/\\\/terracoadega.com.br\\\/wp-content\\\/uploads\\\/2025\\\/11\\\/Imagem-do-WhatsApp-de-2025-11-14-as-14.14.56_49ae08a1.jpg\",\"contentUrl\":\"https:\\\/\\\/terracoadega.com.br\\\/wp-content\\\/uploads\\\/2025\\\/11\\\/Imagem-do-WhatsApp-de-2025-11-14-as-14.14.56_49ae08a1.jpg\",\"width\":600,\"height\":800},{\"@type\":\"BreadcrumbList\",\"@id\":\"https:\\\/\\\/terracoadega.com.br\\\/produto\\\/pedra-cancela\\\/#breadcrumb\",\"itemListElement\":[{\"@type\":\"ListItem\",\"position\":1,\"name\":\"In\u00edcio\",\"item\":\"https:\\\/\\\/terracoadega.com.br\\\/\"},{\"@type\":\"ListItem\",\"position\":2,\"name\":\"Nossos Produtos\",\"item\":\"https:\\\/\\\/terracoadega.com.br\\\/loja\\\/\"},{\"@type\":\"ListItem\",\"position\":3,\"name\":\"PEDRA CANCELA\"}]},{\"@type\":\"WebSite\",\"@id\":\"https:\\\/\\\/terracoadega.com.br\\\/#website\",\"url\":\"https:\\\/\\\/terracoadega.com.br\\\/\",\"name\":\"Terra\u00e7o Adega\",\"description\":\"Vinhos em geral\",\"publisher\":{\"@id\":\"https:\\\/\\\/terracoadega.com.br\\\/#organization\"},\"potentialAction\":[{\"@type\":\"SearchAction\",\"target\":{\"@type\":\"EntryPoint\",\"urlTemplate\":\"https:\\\/\\\/terracoadega.com.br\\\/?s={search_term_string}\"},\"query-input\":{\"@type\":\"PropertyValueSpecification\",\"valueRequired\":true,\"valueName\":\"search_term_string\"}}],\"inLanguage\":\"en-US\"},{\"@type\":\"Organization\",\"@id\":\"https:\\\/\\\/terracoadega.com.br\\\/#organization\",\"name\":\"Terra\u00e7o Adega\",\"url\":\"https:\\\/\\\/terracoadega.com.br\\\/\",\"logo\":{\"@type\":\"ImageObject\",\"inLanguage\":\"en-US\",\"@id\":\"https:\\\/\\\/terracoadega.com.br\\\/#\\\/schema\\\/logo\\\/image\\\/\",\"url\":\"https:\\\/\\\/terracoadega.com.br\\\/wp-content\\\/uploads\\\/2025\\\/11\\\/logo-4-scaled.png\",\"contentUrl\":\"https:\\\/\\\/terracoadega.com.br\\\/wp-content\\\/uploads\\\/2025\\\/11\\\/logo-4-scaled.png\",\"width\":2560,\"height\":1575,\"caption\":\"Terra\u00e7o Adega\"},\"image\":{\"@id\":\"https:\\\/\\\/terracoadega.com.br\\\/#\\\/schema\\\/logo\\\/image\\\/\"}}]}<\/script>\n<!-- \/ Yoast SEO plugin. -->","yoast_head_json":{"title":"PEDRA CANCELA - Terra\u00e7o Adega","robots":{"index":"index","follow":"follow","max-snippet":"max-snippet:-1","max-image-preview":"max-image-preview:large","max-video-preview":"max-video-preview:-1"},"canonical":"https:\/\/terracoadega.com.br\/en\/product\/pedra-cancela\/","og_locale":"en_US","og_type":"article","og_title":"PEDRA CANCELA - Terra\u00e7o Adega","og_description":"Com notas de frutos vermelhos, ameixa madura e cacau, este tinto \u00e9 um t\u00edpico exemplar do D\u00e3o, macio e de tanimos elegantes.","og_url":"https:\/\/terracoadega.com.br\/en\/product\/pedra-cancela\/","og_site_name":"Terra\u00e7o Adega","article_modified_time":"2025-12-22T18:17:56+00:00","og_image":[{"width":600,"height":800,"url":"https:\/\/terracoadega.com.br\/wp-content\/uploads\/2025\/11\/Imagem-do-WhatsApp-de-2025-11-14-as-14.14.56_49ae08a1.jpg","type":"image\/jpeg"}],"twitter_card":"summary_large_image","twitter_misc":{"Est. reading time":"1 minute"},"schema":{"@context":"https:\/\/schema.org","@graph":[{"@type":"WebPage","@id":"https:\/\/terracoadega.com.br\/produto\/pedra-cancela\/","url":"https:\/\/terracoadega.com.br\/produto\/pedra-cancela\/","name":"PEDRA CANCELA - Terra\u00e7o Adega","isPartOf":{"@id":"https:\/\/terracoadega.com.br\/#website"},"primaryImageOfPage":{"@id":"https:\/\/terracoadega.com.br\/produto\/pedra-cancela\/#primaryimage"},"image":{"@id":"https:\/\/terracoadega.com.br\/produto\/pedra-cancela\/#primaryimage"},"thumbnailUrl":"https:\/\/terracoadega.com.br\/wp-content\/uploads\/2025\/11\/Imagem-do-WhatsApp-de-2025-11-14-as-14.14.56_49ae08a1.jpg","datePublished":"2025-11-11T20:42:07+00:00","dateModified":"2025-12-22T18:17:56+00:00","breadcrumb":{"@id":"https:\/\/terracoadega.com.br\/produto\/pedra-cancela\/#breadcrumb"},"inLanguage":"en-US","potentialAction":[{"@type":"ReadAction","target":["https:\/\/terracoadega.com.br\/produto\/pedra-cancela\/"]}]},{"@type":"ImageObject","inLanguage":"en-US","@id":"https:\/\/terracoadega.com.br\/produto\/pedra-cancela\/#primaryimage","url":"https:\/\/terracoadega.com.br\/wp-content\/uploads\/2025\/11\/Imagem-do-WhatsApp-de-2025-11-14-as-14.14.56_49ae08a1.jpg","contentUrl":"https:\/\/terracoadega.com.br\/wp-content\/uploads\/2025\/11\/Imagem-do-WhatsApp-de-2025-11-14-as-14.14.56_49ae08a1.jpg","width":600,"height":800},{"@type":"BreadcrumbList","@id":"https:\/\/terracoadega.com.br\/produto\/pedra-cancela\/#breadcrumb","itemListElement":[{"@type":"ListItem","position":1,"name":"In\u00edcio","item":"https:\/\/terracoadega.com.br\/"},{"@type":"ListItem","position":2,"name":"Nossos Produtos","item":"https:\/\/terracoadega.com.br\/loja\/"},{"@type":"ListItem","position":3,"name":"PEDRA CANCELA"}]},{"@type":"WebSite","@id":"https:\/\/terracoadega.com.br\/#website","url":"https:\/\/terracoadega.com.br\/","name":"Terra\u00e7o Adega","description":"Vinhos em geral","publisher":{"@id":"https:\/\/terracoadega.com.br\/#organization"},"potentialAction":[{"@type":"SearchAction","target":{"@type":"EntryPoint","urlTemplate":"https:\/\/terracoadega.com.br\/?s={search_term_string}"},"query-input":{"@type":"PropertyValueSpecification","valueRequired":true,"valueName":"search_term_string"}}],"inLanguage":"en-US"},{"@type":"Organization","@id":"https:\/\/terracoadega.com.br\/#organization","name":"Terra\u00e7o Adega","url":"https:\/\/terracoadega.com.br\/","logo":{"@type":"ImageObject","inLanguage":"en-US","@id":"https:\/\/terracoadega.com.br\/#\/schema\/logo\/image\/","url":"https:\/\/terracoadega.com.br\/wp-content\/uploads\/2025\/11\/logo-4-scaled.png","contentUrl":"https:\/\/terracoadega.com.br\/wp-content\/uploads\/2025\/11\/logo-4-scaled.png","width":2560,"height":1575,"caption":"Terra\u00e7o Adega"},"image":{"@id":"https:\/\/terracoadega.com.br\/#\/schema\/logo\/image\/"}}]}},"_links":{"self":[{"href":"https:\/\/terracoadega.com.br\/en\/wp-json\/wp\/v2\/product\/19665","targetHints":{"allow":["GET"]}}],"collection":[{"href":"https:\/\/terracoadega.com.br\/en\/wp-json\/wp\/v2\/product"}],"about":[{"href":"https:\/\/terracoadega.com.br\/en\/wp-json\/wp\/v2\/types\/product"}],"replies":[{"embeddable":true,"href":"https:\/\/terracoadega.com.br\/en\/wp-json\/wp\/v2\/comments?post=19665"}],"wp:featuredmedia":[{"embeddable":true,"href":"https:\/\/terracoadega.com.br\/en\/wp-json\/wp\/v2\/media\/19691"}],"wp:attachment":[{"href":"https:\/\/terracoadega.com.br\/en\/wp-json\/wp\/v2\/media?parent=19665"}],"wp:term":[{"taxonomy":"product_brand","embeddable":true,"href":"https:\/\/terracoadega.com.br\/en\/wp-json\/wp\/v2\/product_brand?post=19665"},{"taxonomy":"product_cat","embeddable":true,"href":"https:\/\/terracoadega.com.br\/en\/wp-json\/wp\/v2\/product_cat?post=19665"},{"taxonomy":"product_tag","embeddable":true,"href":"https:\/\/terracoadega.com.br\/en\/wp-json\/wp\/v2\/product_tag?post=19665"}],"curies":[{"name":"wp","href":"https:\/\/api.w.org\/{rel}","templated":true}]}}