{"id":19659,"date":"2025-11-11T17:09:43","date_gmt":"2025-11-11T20:09:43","guid":{"rendered":"https:\/\/devtestemangue.com.br\/valber\/terraco-adega\/?post_type=product&#038;p=19659"},"modified":"2025-12-22T15:17:56","modified_gmt":"2025-12-22T18:17:56","slug":"tapiz-joven-malbec","status":"publish","type":"product","link":"https:\/\/terracoadega.com.br\/en\/product\/tapiz-joven-malbec\/","title":{"rendered":"TAPIZ JOVEN MALBEC"},"content":{"rendered":"<p>Produtor Tapiz<br \/>\nPa\u00eds Argentina<br \/>\nRegi\u00e3o Agrelo, Mendoza<br \/>\nTipo Tinto<br \/>\nUva 100% Malbec<br \/>\nVolume 750ml<br \/>\nSafra 2020<br \/>\nTeor alco\u00f3lico 13,5%<br \/>\nTemperatura de servi\u00e7o 14\u00ba &#8211; 16\u00baC<br \/>\nVinifica\u00e7\u00e3o 5 dias de macera\u00e7\u00e3o pr\u00e9fermentativa a 8\u00ba &#8211; 9\u00baC. 10 dias de fermenta\u00e7\u00e3o com temperatura controlada.<br \/>\nMatura\u00e7\u00e3o 3 meses em carvalho franc\u00eas e americano<\/p>\n<p>Corpo M\u00e9dio<br \/>\nPotencial de guarda 3 anos<br \/>\nHarmoniza\u00e7\u00f5es Carnes braseadas em vinho tinto, spaghetti \u00e0 amatriciana<\/p>","protected":false},"excerpt":{"rendered":"<p>Vinho equilibrado, de boa acidez e grande presen\u00e7a arom\u00e1tica. Destaque para as notas florais e de frutas frescas, como morangos e cerejas.<\/p>","protected":false},"featured_media":19660,"comment_status":"open","ping_status":"closed","template":"","meta":[],"product_brand":[],"product_cat":[180,179],"product_tag":[206,192,207,208,193],"class_list":{"0":"post-19659","1":"product","2":"type-product","3":"status-publish","4":"has-post-thumbnail","6":"product_cat-vinhos-secos","7":"product_cat-vinhos-tintos","8":"product_tag-malbec","9":"product_tag-vinho","10":"product_tag-vinho-argentino","11":"product_tag-vinho-seco","12":"product_tag-vinho-tinto","13":"product_shipping_class-nacional","15":"first","16":"instock","17":"shipping-taxable","18":"purchasable","19":"product-type-simple"},"yoast_head":"<!-- This site is optimized with the Yoast SEO plugin v27.4 - https:\/\/yoast.com\/product\/yoast-seo-wordpress\/ -->\n<title>TAPIZ JOVEN MALBEC - Terra\u00e7o Adega<\/title>\n<meta name=\"robots\" content=\"index, follow, max-snippet:-1, max-image-preview:large, max-video-preview:-1\" \/>\n<link rel=\"canonical\" href=\"https:\/\/terracoadega.com.br\/en\/product\/tapiz-joven-malbec\/\" \/>\n<meta property=\"og:locale\" content=\"en_US\" \/>\n<meta property=\"og:type\" content=\"article\" \/>\n<meta property=\"og:title\" content=\"TAPIZ JOVEN MALBEC - Terra\u00e7o Adega\" \/>\n<meta property=\"og:description\" content=\"Vinho equilibrado, de boa acidez e grande presen\u00e7a arom\u00e1tica. Destaque para as notas florais e de frutas frescas, como morangos e cerejas.\" \/>\n<meta property=\"og:url\" content=\"https:\/\/terracoadega.com.br\/en\/product\/tapiz-joven-malbec\/\" \/>\n<meta property=\"og:site_name\" content=\"Terra\u00e7o Adega\" \/>\n<meta property=\"article:modified_time\" content=\"2025-12-22T18:17:56+00:00\" \/>\n<meta property=\"og:image\" content=\"https:\/\/terracoadega.com.br\/wp-content\/uploads\/2025\/11\/Tapiz-Jovem1.png\" \/>\n\t<meta property=\"og:image:width\" content=\"600\" \/>\n\t<meta property=\"og:image:height\" content=\"800\" \/>\n\t<meta property=\"og:image:type\" content=\"image\/png\" \/>\n<meta name=\"twitter:card\" content=\"summary_large_image\" \/>\n<meta name=\"twitter:label1\" content=\"Est. reading time\" \/>\n\t<meta name=\"twitter:data1\" content=\"1 minute\" \/>\n<script type=\"application\/ld+json\" class=\"yoast-schema-graph\">{\"@context\":\"https:\\\/\\\/schema.org\",\"@graph\":[{\"@type\":\"WebPage\",\"@id\":\"https:\\\/\\\/terracoadega.com.br\\\/produto\\\/tapiz-joven-malbec\\\/\",\"url\":\"https:\\\/\\\/terracoadega.com.br\\\/produto\\\/tapiz-joven-malbec\\\/\",\"name\":\"TAPIZ JOVEN MALBEC - Terra\u00e7o Adega\",\"isPartOf\":{\"@id\":\"https:\\\/\\\/terracoadega.com.br\\\/#website\"},\"primaryImageOfPage\":{\"@id\":\"https:\\\/\\\/terracoadega.com.br\\\/produto\\\/tapiz-joven-malbec\\\/#primaryimage\"},\"image\":{\"@id\":\"https:\\\/\\\/terracoadega.com.br\\\/produto\\\/tapiz-joven-malbec\\\/#primaryimage\"},\"thumbnailUrl\":\"https:\\\/\\\/terracoadega.com.br\\\/wp-content\\\/uploads\\\/2025\\\/11\\\/Tapiz-Jovem1.png\",\"datePublished\":\"2025-11-11T20:09:43+00:00\",\"dateModified\":\"2025-12-22T18:17:56+00:00\",\"breadcrumb\":{\"@id\":\"https:\\\/\\\/terracoadega.com.br\\\/produto\\\/tapiz-joven-malbec\\\/#breadcrumb\"},\"inLanguage\":\"en-US\",\"potentialAction\":[{\"@type\":\"ReadAction\",\"target\":[\"https:\\\/\\\/terracoadega.com.br\\\/produto\\\/tapiz-joven-malbec\\\/\"]}]},{\"@type\":\"ImageObject\",\"inLanguage\":\"en-US\",\"@id\":\"https:\\\/\\\/terracoadega.com.br\\\/produto\\\/tapiz-joven-malbec\\\/#primaryimage\",\"url\":\"https:\\\/\\\/terracoadega.com.br\\\/wp-content\\\/uploads\\\/2025\\\/11\\\/Tapiz-Jovem1.png\",\"contentUrl\":\"https:\\\/\\\/terracoadega.com.br\\\/wp-content\\\/uploads\\\/2025\\\/11\\\/Tapiz-Jovem1.png\",\"width\":600,\"height\":800},{\"@type\":\"BreadcrumbList\",\"@id\":\"https:\\\/\\\/terracoadega.com.br\\\/produto\\\/tapiz-joven-malbec\\\/#breadcrumb\",\"itemListElement\":[{\"@type\":\"ListItem\",\"position\":1,\"name\":\"In\u00edcio\",\"item\":\"https:\\\/\\\/terracoadega.com.br\\\/\"},{\"@type\":\"ListItem\",\"position\":2,\"name\":\"Nossos Produtos\",\"item\":\"https:\\\/\\\/terracoadega.com.br\\\/loja\\\/\"},{\"@type\":\"ListItem\",\"position\":3,\"name\":\"TAPIZ JOVEN MALBEC\"}]},{\"@type\":\"WebSite\",\"@id\":\"https:\\\/\\\/terracoadega.com.br\\\/#website\",\"url\":\"https:\\\/\\\/terracoadega.com.br\\\/\",\"name\":\"Terra\u00e7o Adega\",\"description\":\"Vinhos em geral\",\"publisher\":{\"@id\":\"https:\\\/\\\/terracoadega.com.br\\\/#organization\"},\"potentialAction\":[{\"@type\":\"SearchAction\",\"target\":{\"@type\":\"EntryPoint\",\"urlTemplate\":\"https:\\\/\\\/terracoadega.com.br\\\/?s={search_term_string}\"},\"query-input\":{\"@type\":\"PropertyValueSpecification\",\"valueRequired\":true,\"valueName\":\"search_term_string\"}}],\"inLanguage\":\"en-US\"},{\"@type\":\"Organization\",\"@id\":\"https:\\\/\\\/terracoadega.com.br\\\/#organization\",\"name\":\"Terra\u00e7o Adega\",\"url\":\"https:\\\/\\\/terracoadega.com.br\\\/\",\"logo\":{\"@type\":\"ImageObject\",\"inLanguage\":\"en-US\",\"@id\":\"https:\\\/\\\/terracoadega.com.br\\\/#\\\/schema\\\/logo\\\/image\\\/\",\"url\":\"https:\\\/\\\/terracoadega.com.br\\\/wp-content\\\/uploads\\\/2025\\\/11\\\/logo-4-scaled.png\",\"contentUrl\":\"https:\\\/\\\/terracoadega.com.br\\\/wp-content\\\/uploads\\\/2025\\\/11\\\/logo-4-scaled.png\",\"width\":2560,\"height\":1575,\"caption\":\"Terra\u00e7o Adega\"},\"image\":{\"@id\":\"https:\\\/\\\/terracoadega.com.br\\\/#\\\/schema\\\/logo\\\/image\\\/\"}}]}<\/script>\n<!-- \/ Yoast SEO plugin. -->","yoast_head_json":{"title":"TAPIZ JOVEN MALBEC - Terra\u00e7o Adega","robots":{"index":"index","follow":"follow","max-snippet":"max-snippet:-1","max-image-preview":"max-image-preview:large","max-video-preview":"max-video-preview:-1"},"canonical":"https:\/\/terracoadega.com.br\/en\/product\/tapiz-joven-malbec\/","og_locale":"en_US","og_type":"article","og_title":"TAPIZ JOVEN MALBEC - Terra\u00e7o Adega","og_description":"Vinho equilibrado, de boa acidez e grande presen\u00e7a arom\u00e1tica. Destaque para as notas florais e de frutas frescas, como morangos e cerejas.","og_url":"https:\/\/terracoadega.com.br\/en\/product\/tapiz-joven-malbec\/","og_site_name":"Terra\u00e7o Adega","article_modified_time":"2025-12-22T18:17:56+00:00","og_image":[{"width":600,"height":800,"url":"https:\/\/terracoadega.com.br\/wp-content\/uploads\/2025\/11\/Tapiz-Jovem1.png","type":"image\/png"}],"twitter_card":"summary_large_image","twitter_misc":{"Est. reading time":"1 minute"},"schema":{"@context":"https:\/\/schema.org","@graph":[{"@type":"WebPage","@id":"https:\/\/terracoadega.com.br\/produto\/tapiz-joven-malbec\/","url":"https:\/\/terracoadega.com.br\/produto\/tapiz-joven-malbec\/","name":"TAPIZ JOVEN MALBEC - Terra\u00e7o Adega","isPartOf":{"@id":"https:\/\/terracoadega.com.br\/#website"},"primaryImageOfPage":{"@id":"https:\/\/terracoadega.com.br\/produto\/tapiz-joven-malbec\/#primaryimage"},"image":{"@id":"https:\/\/terracoadega.com.br\/produto\/tapiz-joven-malbec\/#primaryimage"},"thumbnailUrl":"https:\/\/terracoadega.com.br\/wp-content\/uploads\/2025\/11\/Tapiz-Jovem1.png","datePublished":"2025-11-11T20:09:43+00:00","dateModified":"2025-12-22T18:17:56+00:00","breadcrumb":{"@id":"https:\/\/terracoadega.com.br\/produto\/tapiz-joven-malbec\/#breadcrumb"},"inLanguage":"en-US","potentialAction":[{"@type":"ReadAction","target":["https:\/\/terracoadega.com.br\/produto\/tapiz-joven-malbec\/"]}]},{"@type":"ImageObject","inLanguage":"en-US","@id":"https:\/\/terracoadega.com.br\/produto\/tapiz-joven-malbec\/#primaryimage","url":"https:\/\/terracoadega.com.br\/wp-content\/uploads\/2025\/11\/Tapiz-Jovem1.png","contentUrl":"https:\/\/terracoadega.com.br\/wp-content\/uploads\/2025\/11\/Tapiz-Jovem1.png","width":600,"height":800},{"@type":"BreadcrumbList","@id":"https:\/\/terracoadega.com.br\/produto\/tapiz-joven-malbec\/#breadcrumb","itemListElement":[{"@type":"ListItem","position":1,"name":"In\u00edcio","item":"https:\/\/terracoadega.com.br\/"},{"@type":"ListItem","position":2,"name":"Nossos Produtos","item":"https:\/\/terracoadega.com.br\/loja\/"},{"@type":"ListItem","position":3,"name":"TAPIZ JOVEN MALBEC"}]},{"@type":"WebSite","@id":"https:\/\/terracoadega.com.br\/#website","url":"https:\/\/terracoadega.com.br\/","name":"Terra\u00e7o Adega","description":"Vinhos em geral","publisher":{"@id":"https:\/\/terracoadega.com.br\/#organization"},"potentialAction":[{"@type":"SearchAction","target":{"@type":"EntryPoint","urlTemplate":"https:\/\/terracoadega.com.br\/?s={search_term_string}"},"query-input":{"@type":"PropertyValueSpecification","valueRequired":true,"valueName":"search_term_string"}}],"inLanguage":"en-US"},{"@type":"Organization","@id":"https:\/\/terracoadega.com.br\/#organization","name":"Terra\u00e7o Adega","url":"https:\/\/terracoadega.com.br\/","logo":{"@type":"ImageObject","inLanguage":"en-US","@id":"https:\/\/terracoadega.com.br\/#\/schema\/logo\/image\/","url":"https:\/\/terracoadega.com.br\/wp-content\/uploads\/2025\/11\/logo-4-scaled.png","contentUrl":"https:\/\/terracoadega.com.br\/wp-content\/uploads\/2025\/11\/logo-4-scaled.png","width":2560,"height":1575,"caption":"Terra\u00e7o Adega"},"image":{"@id":"https:\/\/terracoadega.com.br\/#\/schema\/logo\/image\/"}}]}},"_links":{"self":[{"href":"https:\/\/terracoadega.com.br\/en\/wp-json\/wp\/v2\/product\/19659","targetHints":{"allow":["GET"]}}],"collection":[{"href":"https:\/\/terracoadega.com.br\/en\/wp-json\/wp\/v2\/product"}],"about":[{"href":"https:\/\/terracoadega.com.br\/en\/wp-json\/wp\/v2\/types\/product"}],"replies":[{"embeddable":true,"href":"https:\/\/terracoadega.com.br\/en\/wp-json\/wp\/v2\/comments?post=19659"}],"wp:featuredmedia":[{"embeddable":true,"href":"https:\/\/terracoadega.com.br\/en\/wp-json\/wp\/v2\/media\/19660"}],"wp:attachment":[{"href":"https:\/\/terracoadega.com.br\/en\/wp-json\/wp\/v2\/media?parent=19659"}],"wp:term":[{"taxonomy":"product_brand","embeddable":true,"href":"https:\/\/terracoadega.com.br\/en\/wp-json\/wp\/v2\/product_brand?post=19659"},{"taxonomy":"product_cat","embeddable":true,"href":"https:\/\/terracoadega.com.br\/en\/wp-json\/wp\/v2\/product_cat?post=19659"},{"taxonomy":"product_tag","embeddable":true,"href":"https:\/\/terracoadega.com.br\/en\/wp-json\/wp\/v2\/product_tag?post=19659"}],"curies":[{"name":"wp","href":"https:\/\/api.w.org\/{rel}","templated":true}]}}