{"id":19652,"date":"2025-11-11T17:00:56","date_gmt":"2025-11-11T20:00:56","guid":{"rendered":"https:\/\/devtestemangue.com.br\/valber\/terraco-adega\/?post_type=product&#038;p=19652"},"modified":"2025-12-22T15:17:56","modified_gmt":"2025-12-22T18:17:56","slug":"luna","status":"publish","type":"product","link":"https:\/\/terracoadega.com.br\/en\/product\/luna\/","title":{"rendered":"LUNA MALBEC"},"content":{"rendered":"<p>Produtor Finca La Anita<br \/>\nPa\u00eds Argentina<br \/>\nRegi\u00e3o Agrelo, Mendoza<br \/>\nTipo Tinto<br \/>\nUva 100% Malbec<br \/>\nVolume 750ml<br \/>\nSafra 2019<br \/>\nTeor alco\u00f3lico 13,5%<br \/>\nTemperatura de servi\u00e7o 16\u00baC<br \/>\nVinifica\u00e7\u00e3o Fermenta\u00e7\u00e3o em tanques de inox, com leveduras selecionadas, por 10 dias.<br \/>\nFermenta\u00e7\u00e3o malol\u00e1tica espont\u00e2nea com controle de temperatura.<br \/>\nMatura\u00e7\u00e3o 9 meses em barricas francesas Allier de segundo uso.<br \/>\nCorpo M\u00e9dio<br \/>\nPotencial de guarda 5 anos<br \/>\nHarmoniza\u00e7\u00f5es Cordeiro com molho de hortel\u00e3, queijos curados como o parmes\u00e3o, carnes assadas.<\/p>","protected":false},"excerpt":{"rendered":"<p>Malbec de grande tipicidade e aromas de cassis, passas e mirtilo, com suaves notas herb\u00e1ceas e toques de baunilha e caramelo.<\/p>","protected":false},"featured_media":19653,"comment_status":"open","ping_status":"closed","template":"","meta":[],"product_brand":[],"product_cat":[179],"product_tag":[206,207,208,193],"class_list":{"0":"post-19652","1":"product","2":"type-product","3":"status-publish","4":"has-post-thumbnail","6":"product_cat-vinhos-tintos","7":"product_tag-malbec","8":"product_tag-vinho-argentino","9":"product_tag-vinho-seco","10":"product_tag-vinho-tinto","11":"product_shipping_class-nacional","13":"first","14":"instock","15":"shipping-taxable","16":"purchasable","17":"product-type-simple"},"yoast_head":"<!-- This site is optimized with the Yoast SEO plugin v27.4 - https:\/\/yoast.com\/product\/yoast-seo-wordpress\/ -->\n<title>LUNA MALBEC - Terra\u00e7o Adega<\/title>\n<meta name=\"robots\" content=\"index, follow, max-snippet:-1, max-image-preview:large, max-video-preview:-1\" \/>\n<link rel=\"canonical\" href=\"https:\/\/terracoadega.com.br\/en\/product\/luna\/\" \/>\n<meta property=\"og:locale\" content=\"en_US\" \/>\n<meta property=\"og:type\" content=\"article\" \/>\n<meta property=\"og:title\" content=\"LUNA MALBEC - Terra\u00e7o Adega\" \/>\n<meta property=\"og:description\" content=\"Malbec de grande tipicidade e aromas de cassis, passas e mirtilo, com suaves notas herb\u00e1ceas e toques de baunilha e caramelo.\" \/>\n<meta property=\"og:url\" content=\"https:\/\/terracoadega.com.br\/en\/product\/luna\/\" \/>\n<meta property=\"og:site_name\" content=\"Terra\u00e7o Adega\" \/>\n<meta property=\"article:modified_time\" content=\"2025-12-22T18:17:56+00:00\" \/>\n<meta property=\"og:image\" content=\"https:\/\/terracoadega.com.br\/wp-content\/uploads\/2025\/11\/Luna1.png\" \/>\n\t<meta property=\"og:image:width\" content=\"600\" \/>\n\t<meta property=\"og:image:height\" content=\"800\" \/>\n\t<meta property=\"og:image:type\" content=\"image\/png\" \/>\n<meta name=\"twitter:card\" content=\"summary_large_image\" \/>\n<meta name=\"twitter:label1\" content=\"Est. reading time\" \/>\n\t<meta name=\"twitter:data1\" content=\"1 minute\" \/>\n<script type=\"application\/ld+json\" class=\"yoast-schema-graph\">{\"@context\":\"https:\\\/\\\/schema.org\",\"@graph\":[{\"@type\":\"WebPage\",\"@id\":\"https:\\\/\\\/terracoadega.com.br\\\/produto\\\/luna\\\/\",\"url\":\"https:\\\/\\\/terracoadega.com.br\\\/produto\\\/luna\\\/\",\"name\":\"LUNA MALBEC - Terra\u00e7o Adega\",\"isPartOf\":{\"@id\":\"https:\\\/\\\/terracoadega.com.br\\\/#website\"},\"primaryImageOfPage\":{\"@id\":\"https:\\\/\\\/terracoadega.com.br\\\/produto\\\/luna\\\/#primaryimage\"},\"image\":{\"@id\":\"https:\\\/\\\/terracoadega.com.br\\\/produto\\\/luna\\\/#primaryimage\"},\"thumbnailUrl\":\"https:\\\/\\\/terracoadega.com.br\\\/wp-content\\\/uploads\\\/2025\\\/11\\\/Luna1.png\",\"datePublished\":\"2025-11-11T20:00:56+00:00\",\"dateModified\":\"2025-12-22T18:17:56+00:00\",\"breadcrumb\":{\"@id\":\"https:\\\/\\\/terracoadega.com.br\\\/produto\\\/luna\\\/#breadcrumb\"},\"inLanguage\":\"en-US\",\"potentialAction\":[{\"@type\":\"ReadAction\",\"target\":[\"https:\\\/\\\/terracoadega.com.br\\\/produto\\\/luna\\\/\"]}]},{\"@type\":\"ImageObject\",\"inLanguage\":\"en-US\",\"@id\":\"https:\\\/\\\/terracoadega.com.br\\\/produto\\\/luna\\\/#primaryimage\",\"url\":\"https:\\\/\\\/terracoadega.com.br\\\/wp-content\\\/uploads\\\/2025\\\/11\\\/Luna1.png\",\"contentUrl\":\"https:\\\/\\\/terracoadega.com.br\\\/wp-content\\\/uploads\\\/2025\\\/11\\\/Luna1.png\",\"width\":600,\"height\":800},{\"@type\":\"BreadcrumbList\",\"@id\":\"https:\\\/\\\/terracoadega.com.br\\\/produto\\\/luna\\\/#breadcrumb\",\"itemListElement\":[{\"@type\":\"ListItem\",\"position\":1,\"name\":\"In\u00edcio\",\"item\":\"https:\\\/\\\/terracoadega.com.br\\\/\"},{\"@type\":\"ListItem\",\"position\":2,\"name\":\"Nossos Produtos\",\"item\":\"https:\\\/\\\/terracoadega.com.br\\\/loja\\\/\"},{\"@type\":\"ListItem\",\"position\":3,\"name\":\"LUNA MALBEC\"}]},{\"@type\":\"WebSite\",\"@id\":\"https:\\\/\\\/terracoadega.com.br\\\/#website\",\"url\":\"https:\\\/\\\/terracoadega.com.br\\\/\",\"name\":\"Terra\u00e7o Adega\",\"description\":\"Vinhos em geral\",\"publisher\":{\"@id\":\"https:\\\/\\\/terracoadega.com.br\\\/#organization\"},\"potentialAction\":[{\"@type\":\"SearchAction\",\"target\":{\"@type\":\"EntryPoint\",\"urlTemplate\":\"https:\\\/\\\/terracoadega.com.br\\\/?s={search_term_string}\"},\"query-input\":{\"@type\":\"PropertyValueSpecification\",\"valueRequired\":true,\"valueName\":\"search_term_string\"}}],\"inLanguage\":\"en-US\"},{\"@type\":\"Organization\",\"@id\":\"https:\\\/\\\/terracoadega.com.br\\\/#organization\",\"name\":\"Terra\u00e7o Adega\",\"url\":\"https:\\\/\\\/terracoadega.com.br\\\/\",\"logo\":{\"@type\":\"ImageObject\",\"inLanguage\":\"en-US\",\"@id\":\"https:\\\/\\\/terracoadega.com.br\\\/#\\\/schema\\\/logo\\\/image\\\/\",\"url\":\"https:\\\/\\\/terracoadega.com.br\\\/wp-content\\\/uploads\\\/2025\\\/11\\\/logo-4-scaled.png\",\"contentUrl\":\"https:\\\/\\\/terracoadega.com.br\\\/wp-content\\\/uploads\\\/2025\\\/11\\\/logo-4-scaled.png\",\"width\":2560,\"height\":1575,\"caption\":\"Terra\u00e7o Adega\"},\"image\":{\"@id\":\"https:\\\/\\\/terracoadega.com.br\\\/#\\\/schema\\\/logo\\\/image\\\/\"}}]}<\/script>\n<!-- \/ Yoast SEO plugin. -->","yoast_head_json":{"title":"LUNA MALBEC - Terra\u00e7o Adega","robots":{"index":"index","follow":"follow","max-snippet":"max-snippet:-1","max-image-preview":"max-image-preview:large","max-video-preview":"max-video-preview:-1"},"canonical":"https:\/\/terracoadega.com.br\/en\/product\/luna\/","og_locale":"en_US","og_type":"article","og_title":"LUNA MALBEC - Terra\u00e7o Adega","og_description":"Malbec de grande tipicidade e aromas de cassis, passas e mirtilo, com suaves notas herb\u00e1ceas e toques de baunilha e caramelo.","og_url":"https:\/\/terracoadega.com.br\/en\/product\/luna\/","og_site_name":"Terra\u00e7o Adega","article_modified_time":"2025-12-22T18:17:56+00:00","og_image":[{"width":600,"height":800,"url":"https:\/\/terracoadega.com.br\/wp-content\/uploads\/2025\/11\/Luna1.png","type":"image\/png"}],"twitter_card":"summary_large_image","twitter_misc":{"Est. reading time":"1 minute"},"schema":{"@context":"https:\/\/schema.org","@graph":[{"@type":"WebPage","@id":"https:\/\/terracoadega.com.br\/produto\/luna\/","url":"https:\/\/terracoadega.com.br\/produto\/luna\/","name":"LUNA MALBEC - Terra\u00e7o Adega","isPartOf":{"@id":"https:\/\/terracoadega.com.br\/#website"},"primaryImageOfPage":{"@id":"https:\/\/terracoadega.com.br\/produto\/luna\/#primaryimage"},"image":{"@id":"https:\/\/terracoadega.com.br\/produto\/luna\/#primaryimage"},"thumbnailUrl":"https:\/\/terracoadega.com.br\/wp-content\/uploads\/2025\/11\/Luna1.png","datePublished":"2025-11-11T20:00:56+00:00","dateModified":"2025-12-22T18:17:56+00:00","breadcrumb":{"@id":"https:\/\/terracoadega.com.br\/produto\/luna\/#breadcrumb"},"inLanguage":"en-US","potentialAction":[{"@type":"ReadAction","target":["https:\/\/terracoadega.com.br\/produto\/luna\/"]}]},{"@type":"ImageObject","inLanguage":"en-US","@id":"https:\/\/terracoadega.com.br\/produto\/luna\/#primaryimage","url":"https:\/\/terracoadega.com.br\/wp-content\/uploads\/2025\/11\/Luna1.png","contentUrl":"https:\/\/terracoadega.com.br\/wp-content\/uploads\/2025\/11\/Luna1.png","width":600,"height":800},{"@type":"BreadcrumbList","@id":"https:\/\/terracoadega.com.br\/produto\/luna\/#breadcrumb","itemListElement":[{"@type":"ListItem","position":1,"name":"In\u00edcio","item":"https:\/\/terracoadega.com.br\/"},{"@type":"ListItem","position":2,"name":"Nossos Produtos","item":"https:\/\/terracoadega.com.br\/loja\/"},{"@type":"ListItem","position":3,"name":"LUNA MALBEC"}]},{"@type":"WebSite","@id":"https:\/\/terracoadega.com.br\/#website","url":"https:\/\/terracoadega.com.br\/","name":"Terra\u00e7o Adega","description":"Vinhos em geral","publisher":{"@id":"https:\/\/terracoadega.com.br\/#organization"},"potentialAction":[{"@type":"SearchAction","target":{"@type":"EntryPoint","urlTemplate":"https:\/\/terracoadega.com.br\/?s={search_term_string}"},"query-input":{"@type":"PropertyValueSpecification","valueRequired":true,"valueName":"search_term_string"}}],"inLanguage":"en-US"},{"@type":"Organization","@id":"https:\/\/terracoadega.com.br\/#organization","name":"Terra\u00e7o Adega","url":"https:\/\/terracoadega.com.br\/","logo":{"@type":"ImageObject","inLanguage":"en-US","@id":"https:\/\/terracoadega.com.br\/#\/schema\/logo\/image\/","url":"https:\/\/terracoadega.com.br\/wp-content\/uploads\/2025\/11\/logo-4-scaled.png","contentUrl":"https:\/\/terracoadega.com.br\/wp-content\/uploads\/2025\/11\/logo-4-scaled.png","width":2560,"height":1575,"caption":"Terra\u00e7o Adega"},"image":{"@id":"https:\/\/terracoadega.com.br\/#\/schema\/logo\/image\/"}}]}},"_links":{"self":[{"href":"https:\/\/terracoadega.com.br\/en\/wp-json\/wp\/v2\/product\/19652","targetHints":{"allow":["GET"]}}],"collection":[{"href":"https:\/\/terracoadega.com.br\/en\/wp-json\/wp\/v2\/product"}],"about":[{"href":"https:\/\/terracoadega.com.br\/en\/wp-json\/wp\/v2\/types\/product"}],"replies":[{"embeddable":true,"href":"https:\/\/terracoadega.com.br\/en\/wp-json\/wp\/v2\/comments?post=19652"}],"wp:featuredmedia":[{"embeddable":true,"href":"https:\/\/terracoadega.com.br\/en\/wp-json\/wp\/v2\/media\/19653"}],"wp:attachment":[{"href":"https:\/\/terracoadega.com.br\/en\/wp-json\/wp\/v2\/media?parent=19652"}],"wp:term":[{"taxonomy":"product_brand","embeddable":true,"href":"https:\/\/terracoadega.com.br\/en\/wp-json\/wp\/v2\/product_brand?post=19652"},{"taxonomy":"product_cat","embeddable":true,"href":"https:\/\/terracoadega.com.br\/en\/wp-json\/wp\/v2\/product_cat?post=19652"},{"taxonomy":"product_tag","embeddable":true,"href":"https:\/\/terracoadega.com.br\/en\/wp-json\/wp\/v2\/product_tag?post=19652"}],"curies":[{"name":"wp","href":"https:\/\/api.w.org\/{rel}","templated":true}]}}