{"id":17099,"date":"2021-07-30T13:58:46","date_gmt":"2021-07-30T13:58:46","guid":{"rendered":"https:\/\/devtestemangue.com.br\/valber\/terraco-adega\/?page_id=17099"},"modified":"2025-11-06T17:05:53","modified_gmt":"2025-11-06T20:05:53","slug":"fale-conosco","status":"publish","type":"page","link":"https:\/\/terracoadega.com.br\/en\/fale-conosco\/","title":{"rendered":"Fale Conosco"},"content":{"rendered":"<div data-elementor-type=\"wp-page\" data-elementor-id=\"17099\" class=\"elementor elementor-17099\">\n\t\t\t\t\t\t<section class=\"elementor-section elementor-top-section elementor-element elementor-element-3fe70f20 elementor-section-boxed elementor-section-height-default elementor-section-height-default sc_fly_static\" data-id=\"3fe70f20\" data-element_type=\"section\">\n\t\t\t\t\t\t<div class=\"elementor-container elementor-column-gap-extended\">\n\t\t\t\t\t<div class=\"elementor-column elementor-col-100 elementor-top-column elementor-element elementor-element-52ded2c8 sc_content_align_inherit sc_layouts_column_icons_position_left sc_fly_static\" data-id=\"52ded2c8\" data-element_type=\"column\">\n\t\t\t<div class=\"elementor-widget-wrap elementor-element-populated\">\n\t\t\t\t\t\t<section class=\"elementor-section elementor-inner-section elementor-element elementor-element-6c70e2de elementor-section-boxed elementor-section-height-default elementor-section-height-default sc_fly_static\" data-id=\"6c70e2de\" data-element_type=\"section\">\n\t\t\t\t\t\t<div class=\"elementor-container elementor-column-gap-no\">\n\t\t\t\t\t<div class=\"elementor-column elementor-col-100 elementor-inner-column elementor-element elementor-element-20d0862a sc_content_align_inherit sc_layouts_column_icons_position_left sc_fly_static\" data-id=\"20d0862a\" data-element_type=\"column\">\n\t\t\t<div class=\"elementor-widget-wrap elementor-element-populated\">\n\t\t\t\t\t\t<div class=\"elementor-element elementor-element-741b1d8c sc_height_huge sc_fly_static elementor-widget elementor-widget-spacer\" data-id=\"741b1d8c\" data-element_type=\"widget\" data-widget_type=\"spacer.default\">\n\t\t\t\t<div class=\"elementor-widget-container\">\n\t\t\t\t\t\t\t<div class=\"elementor-spacer\">\n\t\t\t<div class=\"elementor-spacer-inner\"><\/div>\n\t\t<\/div>\n\t\t\t\t\t\t<\/div>\n\t\t\t\t<\/div>\n\t\t\t\t<div class=\"elementor-element elementor-element-2721cf8c sc_fly_static elementor-widget elementor-widget-trx_sc_icons\" data-id=\"2721cf8c\" data-element_type=\"widget\" data-widget_type=\"trx_sc_icons.default\">\n\t\t\t\t<div class=\"elementor-widget-container\">\n\t\t\t\t\t<div \tclass=\"sc_icons sc_icons_plain sc_icons_size_small sc_align_center\" ><div class=\"sc_icons_columns_wrap sc_item_columns trx_addons_columns_wrap columns_padding_bottom columns_in_single_row\" ><div class=\"trx_addons_column-1_2\"><div class=\"sc_icons_item\"><div class=\"sc_icons_icon sc_icon_type_ icon-group-2438\" ><span class=\"sc_icon_type_ icon-group-2438\"><\/span><\/div><div class=\"sc_icons_item_details\"><h4 class=\"sc_icons_item_title\"><span>Contatos<\/span><\/h4><div class=\"sc_icons_item_description\"><span>WhatsApp: <a href=\"https:\/\/wa.me\/5575992121476?text=Ol%C3%A1%2C%20gostaria%20de%20falar%20com%20o%20Terra%C3%A7o%20Adega\">(75) 99212-1476<\/a><\/span><span>Email: <a href=\"mailto:terracoadegafsa@gmail.com\">terracoadegafsa@gmail.com<\/a><\/span><\/div><\/div><\/div><\/div><div class=\"trx_addons_column-1_2\"><div class=\"sc_icons_item\"><div class=\"sc_icons_icon sc_icon_type_ icon-location-1\" ><span class=\"sc_icon_type_ icon-location-1\"><\/span><\/div><div class=\"sc_icons_item_details\"><h4 class=\"sc_icons_item_title\"><span>Endere\u00e7o<\/span><\/h4><div class=\"sc_icons_item_description\"><span>Rua Carlos Gomes 1478 Centro, Feira de Santana - BA<\/span><\/div><\/div><\/div><\/div><\/div><\/div><!-- \/.sc_icons -->\t\t\t\t<\/div>\n\t\t\t\t<\/div>\n\t\t\t\t\t<\/div>\n\t\t<\/div>\n\t\t\t\t\t<\/div>\n\t\t<\/section>\n\t\t\t\t<div class=\"elementor-element elementor-element-2e90156 sc_height_huge sc_fly_static elementor-widget elementor-widget-spacer\" data-id=\"2e90156\" data-element_type=\"widget\" data-widget_type=\"spacer.default\">\n\t\t\t\t<div class=\"elementor-widget-container\">\n\t\t\t\t\t\t\t<div class=\"elementor-spacer\">\n\t\t\t<div class=\"elementor-spacer-inner\"><\/div>\n\t\t<\/div>\n\t\t\t\t\t\t<\/div>\n\t\t\t\t<\/div>\n\t\t\t\t\t<\/div>\n\t\t<\/div>\n\t\t\t\t\t<\/div>\n\t\t<\/section>\n\t\t\t\t<section class=\"elementor-section elementor-top-section elementor-element elementor-element-14c1513 elementor-section-full_width alter_bg elementor-section-height-default elementor-section-height-default sc_fly_static\" data-id=\"14c1513\" data-element_type=\"section\" id=\"map\">\n\t\t\t\t\t\t<div class=\"elementor-container elementor-column-gap-no\">\n\t\t\t\t\t<div class=\"elementor-column elementor-col-100 elementor-top-column elementor-element elementor-element-7b31524d sc_content_align_inherit sc_layouts_column_icons_position_left sc_fly_static\" data-id=\"7b31524d\" data-element_type=\"column\">\n\t\t\t<div class=\"elementor-widget-wrap elementor-element-populated\">\n\t\t\t\t\t\t<div class=\"elementor-element elementor-element-1d1fafc9 sc_fly_static elementor-widget elementor-widget-google_maps\" data-id=\"1d1fafc9\" data-element_type=\"widget\" data-widget_type=\"google_maps.default\">\n\t\t\t\t<div class=\"elementor-widget-container\">\n\t\t\t\t\t\t\t<div class=\"elementor-custom-embed\">\n\t\t\t<iframe loading=\"lazy\"\n\t\t\t\t\tsrc=\"https:\/\/maps.google.com\/maps?q=Rua%20Carlos%20Gomes%2C%201478%20-%20Centro%2C%20Feira%20de%20Santana%20-%20BA&#038;t=m&#038;z=14&#038;output=embed&#038;iwloc=near\"\n\t\t\t\t\ttitle=\"Rua Carlos Gomes, 1478 - Centro, Feira de Santana - BA\"\n\t\t\t\t\taria-label=\"Rua Carlos Gomes, 1478 - Centro, Feira de Santana - BA\"\n\t\t\t><\/iframe>\n\t\t<\/div>\n\t\t\t\t\t\t<\/div>\n\t\t\t\t<\/div>\n\t\t\t\t<section class=\"elementor-section elementor-inner-section elementor-element elementor-element-4f32acdc form-position-abs elementor-section-boxed elementor-section-height-default elementor-section-height-default sc_fly_static\" data-id=\"4f32acdc\" data-element_type=\"section\">\n\t\t\t\t\t\t<div class=\"elementor-container elementor-column-gap-no\">\n\t\t\t\t\t<div class=\"elementor-column elementor-col-50 elementor-inner-column elementor-element elementor-element-289f00ab sc_content_align_inherit sc_layouts_column_icons_position_left sc_fly_static\" data-id=\"289f00ab\" data-element_type=\"column\">\n\t\t\t<div class=\"elementor-widget-wrap\">\n\t\t\t\t\t\t\t<\/div>\n\t\t<\/div>\n\t\t\t\t<div class=\"elementor-column elementor-col-50 elementor-inner-column elementor-element elementor-element-69363003 scheme_light sc_content_align_inherit sc_layouts_column_icons_position_left sc_fly_static\" data-id=\"69363003\" data-element_type=\"column\" data-settings=\"{&quot;background_background&quot;:&quot;classic&quot;}\">\n\t\t\t<div class=\"elementor-widget-wrap elementor-element-populated\">\n\t\t\t\t\t\t<div class=\"elementor-element elementor-element-1b2e9bba sc_fly_static elementor-widget elementor-widget-trx_sc_title\" data-id=\"1b2e9bba\" data-element_type=\"widget\" data-widget_type=\"trx_sc_title.default\">\n\t\t\t\t<div class=\"elementor-widget-container\">\n\t\t\t\t\t<div\t\tclass=\"sc_title sc_title_default\" ><span class=\"sc_item_subtitle sc_title_subtitle sc_item_subtitle_above sc_item_title_style_default sc_item_subtitle_with_custom_color trx_addons_inline_1202843065\">Escreva para n\u00f3s<\/span><h2 class=\"sc_item_title sc_title_title sc_item_title_style_default sc_item_title_tag\"\n\t\t\t><span class=\"sc_item_title_text\">Mande a sua mensagem<\/span><\/h2><\/div>\t\t\t\t<\/div>\n\t\t\t\t<\/div>\n\t\t\t\t<div class=\"elementor-element elementor-element-566a4e14 sc_height_tiny sc_fly_static elementor-widget elementor-widget-spacer\" data-id=\"566a4e14\" data-element_type=\"widget\" data-widget_type=\"spacer.default\">\n\t\t\t\t<div class=\"elementor-widget-container\">\n\t\t\t\t\t\t\t<div class=\"elementor-spacer\">\n\t\t\t<div class=\"elementor-spacer-inner\"><\/div>\n\t\t<\/div>\n\t\t\t\t\t\t<\/div>\n\t\t\t\t<\/div>\n\t\t\t\t<div class=\"elementor-element elementor-element-612d898b scheme_default sc_fly_static elementor-widget elementor-widget-trx_sc_contact_form_7\" data-id=\"612d898b\" data-element_type=\"widget\" data-widget_type=\"trx_sc_contact_form_7.default\">\n\t\t\t\t<div class=\"elementor-widget-container\">\n\t\t\t\t\t\n<div class=\"wpcf7 no-js\" id=\"wpcf7-f1395-o1\" lang=\"en-US\" dir=\"ltr\" data-wpcf7-id=\"1395\">\n<div class=\"screen-reader-response\"><p role=\"status\" aria-live=\"polite\" aria-atomic=\"true\"><\/p> <ul><\/ul><\/div>\n<form action=\"\/en\/wp-json\/wp\/v2\/pages\/17099#wpcf7-f1395-o1\" method=\"post\" class=\"wpcf7-form init\" aria-label=\"Contact form\" novalidate=\"novalidate\" data-status=\"init\" data-trp-original-action=\"\/en\/wp-json\/wp\/v2\/pages\/17099#wpcf7-f1395-o1\">\n<fieldset class=\"hidden-fields-container\"><input type=\"hidden\" name=\"_wpcf7\" value=\"1395\" \/><input type=\"hidden\" name=\"_wpcf7_version\" value=\"6.1.3\" \/><input type=\"hidden\" name=\"_wpcf7_locale\" value=\"en_US\" \/><input type=\"hidden\" name=\"_wpcf7_unit_tag\" value=\"wpcf7-f1395-o1\" \/><input type=\"hidden\" name=\"_wpcf7_container_post\" value=\"0\" \/><input type=\"hidden\" name=\"_wpcf7_posted_data_hash\" value=\"\" \/><input type=\"hidden\" name=\"_wpcf7_recaptcha_response\" value=\"\" \/>\n<\/fieldset>\n<div class=\"form-style-6\">\n\t<div class=\"columns_wrap\">\n\t\t<div class=\"column-1_2\">\n\t\t\t<p><span class=\"style-line\"><span class=\"wpcf7-form-control-wrap\" data-name=\"your-name\"><input size=\"40\" maxlength=\"400\" class=\"wpcf7-form-control wpcf7-text wpcf7-validates-as-required\" aria-required=\"true\" aria-invalid=\"false\" placeholder=\"Nome\" value=\"\" type=\"text\" name=\"your-name\" \/><\/span><\/span>\n\t\t\t<\/p>\n\t\t<\/div>\n\t\t<div class=\"column-1_2\">\n\t\t\t<p><span class=\"style-line\"><span class=\"wpcf7-form-control-wrap\" data-name=\"your-last-name\"><input size=\"40\" maxlength=\"400\" class=\"wpcf7-form-control wpcf7-text wpcf7-validates-as-required\" aria-required=\"true\" aria-invalid=\"false\" placeholder=\"Sobrenome\" value=\"\" type=\"text\" name=\"your-last-name\" \/><\/span><\/span>\n\t\t\t<\/p>\n\t\t<\/div>\n\t<\/div>\n\t<div class=\"columns_wrap margin-bottom\">\n\t\t<div class=\"column-1_2\">\n\t\t\t<p><span class=\"style-line\"><span class=\"wpcf7-form-control-wrap\" data-name=\"your-email\"><input size=\"40\" maxlength=\"400\" class=\"wpcf7-form-control wpcf7-email wpcf7-validates-as-required wpcf7-text wpcf7-validates-as-email\" aria-required=\"true\" aria-invalid=\"false\" placeholder=\"E-mail\" value=\"\" type=\"email\" name=\"your-email\" \/><\/span><\/span>\n\t\t\t<\/p>\n\t\t<\/div>\n\t\t<div class=\"column-1_2\">\n\t\t\t<p><span class=\"style-line\"><span class=\"wpcf7-form-control-wrap\" data-name=\"your-subject\"><input size=\"40\" maxlength=\"400\" class=\"wpcf7-form-control wpcf7-text\" aria-invalid=\"false\" placeholder=\"Assunto\" value=\"\" type=\"text\" name=\"your-subject\" \/><\/span><\/span>\n\t\t\t<\/p>\n\t\t<\/div>\n\t<\/div>\n\t<div class=\"columns_wrap margin-bottom\">\n\t\t<div class=\"column-1_1\">\n\t\t\t<p><span class=\"style-line\"><span class=\"wpcf7-form-control-wrap\" data-name=\"your-message\"><textarea cols=\"40\" rows=\"10\" maxlength=\"2000\" class=\"wpcf7-form-control wpcf7-textarea\" aria-invalid=\"false\" placeholder=\"Mensagem\" name=\"your-message\"><\/textarea><\/span><\/span>\n\t\t\t<\/p>\n\t\t<\/div>\n\t<\/div>\n\t<p><input class=\"wpcf7-form-control wpcf7-submit has-spinner\" type=\"submit\" value=\"Enviar\" \/>\n\t<\/p>\n<\/div><p style=\"display: none !important;\" class=\"akismet-fields-container\" data-prefix=\"_wpcf7_ak_\"><label>&#916;<textarea name=\"_wpcf7_ak_hp_textarea\" cols=\"45\" rows=\"8\" maxlength=\"100\"><\/textarea><\/label><input type=\"hidden\" id=\"ak_js_1\" name=\"_wpcf7_ak_js\" value=\"151\"\/><script>document.getElementById( \"ak_js_1\" ).setAttribute( \"value\", ( new Date() ).getTime() );<\/script><\/p><div class=\"wpcf7-response-output\" aria-hidden=\"true\"><\/div>\n<input type=\"hidden\" name=\"trp-form-language\" value=\"en\"\/><\/form>\n<\/div>\n\t\t\t\t<\/div>\n\t\t\t\t<\/div>\n\t\t\t\t<div class=\"elementor-element elementor-element-cd1aa18 sc_height_huge sc_layouts_hide_on_wide sc_layouts_hide_on_desktop sc_layouts_hide_on_notebook sc_layouts_hide_on_tablet sc_fly_static elementor-widget elementor-widget-spacer\" data-id=\"cd1aa18\" data-element_type=\"widget\" data-widget_type=\"spacer.default\">\n\t\t\t\t<div class=\"elementor-widget-container\">\n\t\t\t\t\t\t\t<div class=\"elementor-spacer\">\n\t\t\t<div class=\"elementor-spacer-inner\"><\/div>\n\t\t<\/div>\n\t\t\t\t\t\t<\/div>\n\t\t\t\t<\/div>\n\t\t\t\t\t<\/div>\n\t\t<\/div>\n\t\t\t\t\t<\/div>\n\t\t<\/section>\n\t\t\t\t\t<\/div>\n\t\t<\/div>\n\t\t\t\t\t<\/div>\n\t\t<\/section>\n\t\t\t\t<\/div>","protected":false},"excerpt":{"rendered":"<p>Contatos WhatsApp: (75) 99212-1476Email: terracoadegafsa@gmail.com Endere\u00e7o Rua Carlos Gomes 1478 Centro, Feira de Santana &#8211; BA Escreva para n\u00f3s Mande a sua mensagem &#916;<\/p>","protected":false},"author":1,"featured_media":0,"parent":0,"menu_order":0,"comment_status":"closed","ping_status":"closed","template":"","meta":{"footnotes":""},"class_list":["post-17099","page","type-page","status-publish","hentry"],"yoast_head":"<!-- This site is optimized with the Yoast SEO plugin v27.4 - https:\/\/yoast.com\/product\/yoast-seo-wordpress\/ -->\n<title>Fale Conosco - Terra\u00e7o Adega<\/title>\n<meta name=\"robots\" content=\"index, follow, max-snippet:-1, max-image-preview:large, max-video-preview:-1\" \/>\n<link rel=\"canonical\" href=\"https:\/\/terracoadega.com.br\/en\/fale-conosco\/\" \/>\n<meta property=\"og:locale\" content=\"en_US\" \/>\n<meta property=\"og:type\" content=\"article\" \/>\n<meta property=\"og:title\" content=\"Fale Conosco - Terra\u00e7o Adega\" \/>\n<meta property=\"og:description\" content=\"Contatos WhatsApp: (75) 99212-1476Email: terracoadegafsa@gmail.com Endere\u00e7o Rua Carlos Gomes 1478 Centro, Feira de Santana &#8211; BA Escreva para n\u00f3s Mande a sua mensagem &#916;\" \/>\n<meta property=\"og:url\" content=\"https:\/\/terracoadega.com.br\/en\/fale-conosco\/\" \/>\n<meta property=\"og:site_name\" content=\"Terra\u00e7o Adega\" \/>\n<meta property=\"article:modified_time\" content=\"2025-11-06T20:05:53+00:00\" \/>\n<meta name=\"twitter:card\" content=\"summary_large_image\" \/>\n<meta name=\"twitter:label1\" content=\"Est. reading time\" \/>\n\t<meta name=\"twitter:data1\" content=\"1 minute\" \/>\n<script type=\"application\/ld+json\" class=\"yoast-schema-graph\">{\"@context\":\"https:\\\/\\\/schema.org\",\"@graph\":[{\"@type\":\"WebPage\",\"@id\":\"https:\\\/\\\/terracoadega.com.br\\\/fale-conosco\\\/\",\"url\":\"https:\\\/\\\/terracoadega.com.br\\\/fale-conosco\\\/\",\"name\":\"Fale Conosco - Terra\u00e7o Adega\",\"isPartOf\":{\"@id\":\"https:\\\/\\\/terracoadega.com.br\\\/#website\"},\"datePublished\":\"2021-07-30T13:58:46+00:00\",\"dateModified\":\"2025-11-06T20:05:53+00:00\",\"breadcrumb\":{\"@id\":\"https:\\\/\\\/terracoadega.com.br\\\/fale-conosco\\\/#breadcrumb\"},\"inLanguage\":\"en-US\",\"potentialAction\":[{\"@type\":\"ReadAction\",\"target\":[\"https:\\\/\\\/terracoadega.com.br\\\/fale-conosco\\\/\"]}]},{\"@type\":\"BreadcrumbList\",\"@id\":\"https:\\\/\\\/terracoadega.com.br\\\/fale-conosco\\\/#breadcrumb\",\"itemListElement\":[{\"@type\":\"ListItem\",\"position\":1,\"name\":\"In\u00edcio\",\"item\":\"https:\\\/\\\/terracoadega.com.br\\\/\"},{\"@type\":\"ListItem\",\"position\":2,\"name\":\"Fale Conosco\"}]},{\"@type\":\"WebSite\",\"@id\":\"https:\\\/\\\/terracoadega.com.br\\\/#website\",\"url\":\"https:\\\/\\\/terracoadega.com.br\\\/\",\"name\":\"Terra\u00e7o Adega\",\"description\":\"Vinhos em geral\",\"publisher\":{\"@id\":\"https:\\\/\\\/terracoadega.com.br\\\/#organization\"},\"potentialAction\":[{\"@type\":\"SearchAction\",\"target\":{\"@type\":\"EntryPoint\",\"urlTemplate\":\"https:\\\/\\\/terracoadega.com.br\\\/?s={search_term_string}\"},\"query-input\":{\"@type\":\"PropertyValueSpecification\",\"valueRequired\":true,\"valueName\":\"search_term_string\"}}],\"inLanguage\":\"en-US\"},{\"@type\":\"Organization\",\"@id\":\"https:\\\/\\\/terracoadega.com.br\\\/#organization\",\"name\":\"Terra\u00e7o Adega\",\"url\":\"https:\\\/\\\/terracoadega.com.br\\\/\",\"logo\":{\"@type\":\"ImageObject\",\"inLanguage\":\"en-US\",\"@id\":\"https:\\\/\\\/terracoadega.com.br\\\/#\\\/schema\\\/logo\\\/image\\\/\",\"url\":\"https:\\\/\\\/terracoadega.com.br\\\/wp-content\\\/uploads\\\/2025\\\/11\\\/logo-4-scaled.png\",\"contentUrl\":\"https:\\\/\\\/terracoadega.com.br\\\/wp-content\\\/uploads\\\/2025\\\/11\\\/logo-4-scaled.png\",\"width\":2560,\"height\":1575,\"caption\":\"Terra\u00e7o Adega\"},\"image\":{\"@id\":\"https:\\\/\\\/terracoadega.com.br\\\/#\\\/schema\\\/logo\\\/image\\\/\"}}]}<\/script>\n<!-- \/ Yoast SEO plugin. -->","yoast_head_json":{"title":"Fale Conosco - Terra\u00e7o Adega","robots":{"index":"index","follow":"follow","max-snippet":"max-snippet:-1","max-image-preview":"max-image-preview:large","max-video-preview":"max-video-preview:-1"},"canonical":"https:\/\/terracoadega.com.br\/en\/fale-conosco\/","og_locale":"en_US","og_type":"article","og_title":"Fale Conosco - Terra\u00e7o Adega","og_description":"Contatos WhatsApp: (75) 99212-1476Email: terracoadegafsa@gmail.com Endere\u00e7o Rua Carlos Gomes 1478 Centro, Feira de Santana &#8211; BA Escreva para n\u00f3s Mande a sua mensagem &#916;","og_url":"https:\/\/terracoadega.com.br\/en\/fale-conosco\/","og_site_name":"Terra\u00e7o Adega","article_modified_time":"2025-11-06T20:05:53+00:00","twitter_card":"summary_large_image","twitter_misc":{"Est. reading time":"1 minute"},"schema":{"@context":"https:\/\/schema.org","@graph":[{"@type":"WebPage","@id":"https:\/\/terracoadega.com.br\/fale-conosco\/","url":"https:\/\/terracoadega.com.br\/fale-conosco\/","name":"Fale Conosco - Terra\u00e7o Adega","isPartOf":{"@id":"https:\/\/terracoadega.com.br\/#website"},"datePublished":"2021-07-30T13:58:46+00:00","dateModified":"2025-11-06T20:05:53+00:00","breadcrumb":{"@id":"https:\/\/terracoadega.com.br\/fale-conosco\/#breadcrumb"},"inLanguage":"en-US","potentialAction":[{"@type":"ReadAction","target":["https:\/\/terracoadega.com.br\/fale-conosco\/"]}]},{"@type":"BreadcrumbList","@id":"https:\/\/terracoadega.com.br\/fale-conosco\/#breadcrumb","itemListElement":[{"@type":"ListItem","position":1,"name":"In\u00edcio","item":"https:\/\/terracoadega.com.br\/"},{"@type":"ListItem","position":2,"name":"Fale Conosco"}]},{"@type":"WebSite","@id":"https:\/\/terracoadega.com.br\/#website","url":"https:\/\/terracoadega.com.br\/","name":"Terra\u00e7o Adega","description":"Vinhos em geral","publisher":{"@id":"https:\/\/terracoadega.com.br\/#organization"},"potentialAction":[{"@type":"SearchAction","target":{"@type":"EntryPoint","urlTemplate":"https:\/\/terracoadega.com.br\/?s={search_term_string}"},"query-input":{"@type":"PropertyValueSpecification","valueRequired":true,"valueName":"search_term_string"}}],"inLanguage":"en-US"},{"@type":"Organization","@id":"https:\/\/terracoadega.com.br\/#organization","name":"Terra\u00e7o Adega","url":"https:\/\/terracoadega.com.br\/","logo":{"@type":"ImageObject","inLanguage":"en-US","@id":"https:\/\/terracoadega.com.br\/#\/schema\/logo\/image\/","url":"https:\/\/terracoadega.com.br\/wp-content\/uploads\/2025\/11\/logo-4-scaled.png","contentUrl":"https:\/\/terracoadega.com.br\/wp-content\/uploads\/2025\/11\/logo-4-scaled.png","width":2560,"height":1575,"caption":"Terra\u00e7o Adega"},"image":{"@id":"https:\/\/terracoadega.com.br\/#\/schema\/logo\/image\/"}}]}},"_links":{"self":[{"href":"https:\/\/terracoadega.com.br\/en\/wp-json\/wp\/v2\/pages\/17099","targetHints":{"allow":["GET"]}}],"collection":[{"href":"https:\/\/terracoadega.com.br\/en\/wp-json\/wp\/v2\/pages"}],"about":[{"href":"https:\/\/terracoadega.com.br\/en\/wp-json\/wp\/v2\/types\/page"}],"author":[{"embeddable":true,"href":"https:\/\/terracoadega.com.br\/en\/wp-json\/wp\/v2\/users\/1"}],"replies":[{"embeddable":true,"href":"https:\/\/terracoadega.com.br\/en\/wp-json\/wp\/v2\/comments?post=17099"}],"version-history":[{"count":7,"href":"https:\/\/terracoadega.com.br\/en\/wp-json\/wp\/v2\/pages\/17099\/revisions"}],"predecessor-version":[{"id":19570,"href":"https:\/\/terracoadega.com.br\/en\/wp-json\/wp\/v2\/pages\/17099\/revisions\/19570"}],"wp:attachment":[{"href":"https:\/\/terracoadega.com.br\/en\/wp-json\/wp\/v2\/media?parent=17099"}],"curies":[{"name":"wp","href":"https:\/\/api.w.org\/{rel}","templated":true}]}}